{"id":1763,"date":"2023-08-17T21:23:25","date_gmt":"2023-08-18T00:23:25","guid":{"rendered":"https:\/\/condutec.com.br\/?page_id=1763"},"modified":"2025-02-10T13:52:41","modified_gmt":"2025-02-10T16:52:41","slug":"pregos","status":"publish","type":"page","link":"https:\/\/condutec.com.br\/en\/pregos\/","title":{"rendered":"CUT SPIKES"},"content":{"rendered":"<div data-elementor-type=\"wp-post\" data-elementor-id=\"1763\" class=\"elementor elementor-1763\" data-elementor-post-type=\"page\">\n\t\t\t\t<div class=\"elementor-element elementor-element-6f3ffd0 e-con-full e-flex e-con e-parent\" data-id=\"6f3ffd0\" data-element_type=\"container\" data-settings=\"{&quot;background_background&quot;:&quot;classic&quot;}\">\n\t\t\t\t<div class=\"elementor-element elementor-element-edf1944 elementor-widget__width-initial elementor-widget elementor-widget-heading\" data-id=\"edf1944\" data-element_type=\"widget\" data-settings=\"{&quot;motion_fx_motion_fx_scrolling&quot;:&quot;yes&quot;,&quot;motion_fx_blur_effect&quot;:&quot;yes&quot;,&quot;motion_fx_blur_direction&quot;:&quot;out-in-out&quot;,&quot;motion_fx_blur_level&quot;:{&quot;unit&quot;:&quot;px&quot;,&quot;size&quot;:8,&quot;sizes&quot;:[]},&quot;motion_fx_blur_range&quot;:{&quot;unit&quot;:&quot;%&quot;,&quot;size&quot;:&quot;&quot;,&quot;sizes&quot;:{&quot;start&quot;:21,&quot;end&quot;:65}},&quot;motion_fx_devices&quot;:[&quot;desktop&quot;,&quot;tablet&quot;,&quot;mobile&quot;]}\" data-widget_type=\"heading.default\">\n\t\t\t\t<div class=\"elementor-widget-container\">\n\t\t\t\t\t<h2 class=\"elementor-heading-title elementor-size-default\">CUT SPIKES<\/h2>\t\t\t\t<\/div>\n\t\t\t\t<\/div>\n\t\t\t\t<\/div>\n\t\t<div class=\"elementor-element elementor-element-3d60d3b e-flex e-con-boxed e-con e-parent\" data-id=\"3d60d3b\" data-element_type=\"container\" data-settings=\"{&quot;background_background&quot;:&quot;classic&quot;}\">\n\t\t\t\t\t<div class=\"e-con-inner\">\n\t\t<div class=\"elementor-element elementor-element-a6f4a97 e-con-full e-flex e-con e-child\" data-id=\"a6f4a97\" data-element_type=\"container\">\n\t\t<div class=\"elementor-element elementor-element-6e0ed9e e-con-full e-flex e-con e-child\" data-id=\"6e0ed9e\" data-element_type=\"container\" data-settings=\"{&quot;background_background&quot;:&quot;classic&quot;}\">\n\t\t<div class=\"elementor-element elementor-element-333c31f e-con-full e-flex elementor-invisible e-con e-child\" data-id=\"333c31f\" data-element_type=\"container\" data-settings=\"{&quot;animation&quot;:&quot;fadeInLeft&quot;,&quot;animation_tablet&quot;:&quot;fadeInLeft&quot;,&quot;background_background&quot;:&quot;classic&quot;}\">\n\t\t\t\t<\/div>\n\t\t<div class=\"elementor-element elementor-element-074f57e e-con-full e-flex e-con e-child\" data-id=\"074f57e\" data-element_type=\"container\">\n\t\t\t\t<div class=\"elementor-element elementor-element-cc6e821 elementor-widget elementor-widget-uael-infobox\" data-id=\"cc6e821\" data-element_type=\"widget\" data-widget_type=\"uael-infobox.default\">\n\t\t\t\t<div class=\"elementor-widget-container\">\n\t\t\t\t\t\n<div class=\"uael-module-content uael-infobox uael-imgicon-style-normal  uael-infobox-left  infobox-has-icon uael-infobox-icon-left  uael-infobox-image-valign-top  uael-infobox-stacked-tablet  uael-infobox-link-type-link\">\n\t<div class=\"uael-infobox-left-right-wrap\">\n\t\t\t\t\t\t\t\t<div class=\"uael-module-content uael-imgicon-wrap\">\t\t\t\t\t\t\t\t\t\t\t\n\t\t\t\t\t\t\t\t\t\t\t\t\t\t<\/div>\n\t\t\t\t\t\t<div class=\"uael-infobox-content\">\n\t\t\t\t\t\t<div class='uael-infobox-title-wrap'><h3 class=\"uael-infobox-title elementor-inline-editing\" data-elementor-setting-key=\"infobox_title\" data-elementor-inline-editing-toolbar=\"basic\" >CUT SKIPE<\/h3><\/div>\t\t\t\t\t\t<div class=\"uael-separator-parent\">\n\t\t\t\t<div class=\"uael-separator\"><\/div>\n\t\t\t<\/div>\n\t\t\t\t\t\t\t\t\t<div class=\"uael-infobox-text-wrap\">\n\t\t\t\t<div class=\"uael-infobox-text elementor-inline-editing\" data-elementor-setting-key=\"infobox_description\" data-elementor-inline-editing-toolbar=\"advanced\">\n\t\t\t\t\tSturdy, square-sectioned nails, with one end with a cutting edge and the other with a head, generally intended for fastening a row of rails or a support plate to a wooden sleeper. Material properties according to ASTM A36\/A 36M and ASTM A65.\t\t\t\t<\/div>\n\t\t\t\t\t\n\t\t\t\t\t\t\t<div class=\"uael-infobox-cta-link-style\">\n\t\t\t\t<a href=\"http:\/\/condutec.com.br\/wp-content\/uploads\/2023\/10\/ET-Prego-de-Linha-A36.pdf\" class=\"uael-infobox-cta-link\"> \t\t\t\t\t\t\t\t\t\t\t\t\t<span class=\"uael-infobox-link-icon uael-infobox-link-icon-before\">\n\t\t\t\t\t\t\t\t\t<i aria-hidden=\"true\" class=\"fas fa-download\"><\/i>\t\t\t\t\t\t\t\t<\/span>\n\t\t\t\t\t\t\t\t\t\t\t\t\t\t\t\t\t\t\t\t\t\t\t\t<span class=\"elementor-inline-editing\" data-elementor-setting-key=\"infobox_link_text\" data-elementor-inline-editing-toolbar=\"basic\">Technical Specification<\/span>\n\t\t\t\t\t\t\t\t\t<\/a>\n\t\t\t<\/div>\n\t\t\t\t\t\t<\/div>\n\t\t<\/div>\n\t\t\t<\/div>\n<\/div>\n\t\t\t\t<\/div>\n\t\t\t\t<\/div>\n\t\t\t\t<\/div>\n\t\t\t\t<\/div>\n\t\t\t\t<\/div>\n\t\t\t\t\t<\/div>\n\t\t\t\t<\/div>\n\t\t<div class=\"elementor-element elementor-element-42899b3 e-flex e-con-boxed e-con e-parent\" data-id=\"42899b3\" data-element_type=\"container\" data-settings=\"{&quot;background_background&quot;:&quot;gradient&quot;}\">\n\t\t\t\t\t<div class=\"e-con-inner\">\n\t\t<div class=\"elementor-element elementor-element-7682bfe e-con-full e-flex e-con e-child\" data-id=\"7682bfe\" data-element_type=\"container\">\n\t\t<div class=\"elementor-element elementor-element-3cca7b6 e-con-full e-flex e-con e-child\" data-id=\"3cca7b6\" data-element_type=\"container\">\n\t\t<div class=\"elementor-element elementor-element-5d80d82 e-con-full e-flex e-con e-child\" data-id=\"5d80d82\" data-element_type=\"container\" data-settings=\"{&quot;background_background&quot;:&quot;classic&quot;}\">\n\t\t\t\t<div class=\"elementor-element elementor-element-2e3f689 elementor-widget elementor-widget-uael-infobox\" data-id=\"2e3f689\" data-element_type=\"widget\" data-widget_type=\"uael-infobox.default\">\n\t\t\t\t<div class=\"elementor-widget-container\">\n\t\t\t\t\t\n<div class=\"uael-module-content uael-infobox uael-imgicon-style-normal  uael-infobox-left  infobox-has-photo uael-infobox-photo-left  uael-infobox-image-valign-top  uael-infobox-stacked-tablet  uael-infobox-link-type-button\">\n\t<div class=\"uael-infobox-left-right-wrap\">\n\t\t\t\t\t\t\t\t<div class=\"uael-module-content uael-imgicon-wrap\">\t\t\t\t\t\t\t\t\t\t\t\n\t\t\t\t\t\t\t\t\t\t\t\t\t\t\t\t<div class=\"uael-image\" itemscope itemtype=\"http:\/\/schema.org\/ImageObject\">\n\t\t\t\t\t\t\t<div class=\"uael-image-content elementor-animation-\">\n\t\t\t\t\t\t\t\t<img decoding=\"async\" src=\"https:\/\/condutec.com.br\/wp-content\/uploads\/2018\/07\/icon15-free-img.png\" title=\"\" alt=\"\" loading=\"lazy\" \/>\t\t\t\t\t\t\t<\/div>\n\t\t\t\t\t\t<\/div>\n\n\t\t\t\t\t\t\t\t\t<\/div>\n\t\t\t\t\t\t<div class=\"uael-infobox-content\">\n\t\t\t\t\t\t<div class='uael-infobox-title-wrap'><h4 class=\"uael-infobox-title-prefix elementor-inline-editing\" data-elementor-setting-key=\"infobox_title_prefix\" data-elementor-inline-editing-toolbar=\"basic\" >Our product catalog<\/h4><\/div>\t\t\t\t\t\t\t\t\t<div class=\"uael-infobox-text-wrap\">\n\t\t\t\t<div class=\"uael-infobox-text elementor-inline-editing\" data-elementor-setting-key=\"infobox_description\" data-elementor-inline-editing-toolbar=\"advanced\">\n\t\t\t\t\t<p>Have our portfolio on your device or computer so you can access it whenever you want.<\/p>\t\t\t\t<\/div>\n\t\t\t\t\t\n\t\t\t\t\t\t\t<div class=\"uael-button-wrapper elementor-button-wrapper\">\n\t\t\t\t<a href=\"http:\/\/condutec.com.br\/wp-content\/uploads\/2023\/10\/catalogo_condutec_2017.pdf\" target=\"_blank\" class=\"elementor-button-link  elementor-button elementor-size-sm\">\n\t\t\t\t\t\t\t<span class=\"elementor-button-content-wrapper\">\n\t\t\t\t\t\t\t\t\t\t\t\t\t\t\t\t<span class=\"elementor-align-icon-right elementor-button-icon\">\n\t\t\t\t\t\t<i aria-hidden=\"true\" class=\"fas fa-angle-right\"><\/i>\t\t\t\t\t<\/span>\n\t\t\t\t\t\t\t\n\t\t\t<span class=\"elementor-button-text elementor-inline-editing\"  data-elementor-setting-key=\"infobox_button_text\" data-elementor-inline-editing-toolbar=\"none\">Download <\/span>\n\t\t<\/span>\n\t\t\t\t\t\t<\/a>\n\t\t\t<\/div>\n\t\t\t\t\t\t<\/div>\n\t\t<\/div>\n\t\t\t<\/div>\n<\/div>\n\t\t\t\t<\/div>\n\t\t\t\t<\/div>\n\t\t\t\t<\/div>\n\t\t<div class=\"elementor-element elementor-element-824ac62 e-con-full e-flex e-con e-child\" data-id=\"824ac62\" data-element_type=\"container\">\n\t\t\t\t<div class=\"elementor-element elementor-element-301a9e1 elementor-widget elementor-widget-uael-infobox\" data-id=\"301a9e1\" data-element_type=\"widget\" data-widget_type=\"uael-infobox.default\">\n\t\t\t\t<div class=\"elementor-widget-container\">\n\t\t\t\t\t\n<div class=\"uael-module-content uael-infobox uael-imgicon-style-normal  uael-infobox-  infobox-has-icon uael-infobox-icon-above-title  uael-infobox-link-type-none\">\n\t<div class=\"uael-infobox-left-right-wrap\">\n\t\t\t\t\t\t<div class=\"uael-infobox-content\">\n\t\t\t\t\t\t\t<div class=\"uael-module-content uael-imgicon-wrap\">\t\t\t\t\t\t\t\t\t\t\t\t\t\t\t\t\t\t<div class=\"uael-icon-wrap elementor-animation-\">\n\t\t\t\t\t\t\t\t<span class=\"uael-icon\">\n\t\t\t\t\t\t\t\t\t<i aria-hidden=\"true\" class=\"far fa-calendar-check\"><\/i>\t\t\t\t\t\t\t\t<\/span>\n\t\t\t\t\t\t\t<\/div>\n\t\t\t\t\t\t\t\n\t\t\t\t\t\t\t\t\t\t\t\t\t\t<\/div>\n\t\t\t\t\t\t\t<div class='uael-infobox-title-wrap'><h4 class=\"uael-infobox-title elementor-inline-editing\" data-elementor-setting-key=\"infobox_title\" data-elementor-inline-editing-toolbar=\"basic\" >Visit Us<\/h4><\/div>\t\t\t\t\t\t<div class=\"uael-separator-parent\">\n\t\t\t\t<div class=\"uael-separator\"><\/div>\n\t\t\t<\/div>\n\t\t\t\t\t\t\t\t\t<div class=\"uael-infobox-text-wrap\">\n\t\t\t\t<div class=\"uael-infobox-text elementor-inline-editing\" data-elementor-setting-key=\"infobox_description\" data-elementor-inline-editing-toolbar=\"advanced\">\n\t\t\t\t\tIt is always a pleasure for us to welcome our clients and business partners.\t\t\t\t<\/div>\n\t\t\t\t\t\n\t\t\t\t\t\t\t<\/div>\n\t\t<\/div>\n\t\t\t<\/div>\n<\/div>\n\t\t\t\t<\/div>\n\t\t\t\t<\/div>\n\t\t\t\t<\/div>\n\t\t\t\t<\/div>\n\t\t\t\t<\/div>\n\t\t\t\t\t<\/div>\n\t\t\t\t<\/div>\n\t\t\t\t<\/div>","protected":false},"excerpt":{"rendered":"<p>pregos de linha PREGOS DE LINHA Prego robusto, de se\u00e7\u00e3o quadrada, com uma das extremidades em gume e a outra com cabe\u00e7a, em geral destinado a fixar a fiada de trilhos ou placa de apoio em dormente de madeira. Propriedades do material conforme norma ASTM A36\/A 36M e ASTM A65. Especifica\u00e7\u00e3o T\u00e9cnica Nosso Cat\u00e1logo de &hellip;<\/p>\n<p class=\"read-more\"> <a class=\"\" href=\"https:\/\/condutec.com.br\/en\/pregos\/\"> <span class=\"screen-reader-text\">CUT SPIKES<\/span> Read More &raquo;<\/a><\/p>","protected":false},"author":1,"featured_media":2757,"parent":0,"menu_order":0,"comment_status":"closed","ping_status":"closed","template":"","meta":{"_uag_custom_page_level_css":"","site-sidebar-layout":"no-sidebar","site-content-layout":"page-builder","ast-site-content-layout":"full-width-container","site-content-style":"unboxed","site-sidebar-style":"unboxed","ast-global-header-display":"","ast-banner-title-visibility":"","ast-main-header-display":"","ast-hfb-above-header-display":"","ast-hfb-below-header-display":"","ast-hfb-mobile-header-display":"","site-post-title":"disabled","ast-breadcrumbs-content":"","ast-featured-img":"disabled","footer-sml-layout":"","theme-transparent-header-meta":"enabled","adv-header-id-meta":"","stick-header-meta":"default","header-above-stick-meta":"","header-main-stick-meta":"","header-below-stick-meta":"","astra-migrate-meta-layouts":"set","footnotes":""},"class_list":["post-1763","page","type-page","status-publish","has-post-thumbnail","hentry"],"yoast_head":"<!-- This site is optimized with the Yoast SEO Premium plugin v21.0 (Yoast SEO v21.7) - https:\/\/yoast.com\/wordpress\/plugins\/seo\/ -->\n<title>Pregos de Linha - produto de fixa\u00e7\u00e3o da linha ferrovi\u00e1ria<\/title>\n<meta name=\"description\" content=\"Os pregos de linha ferrovi\u00e1rios s\u00e3o utilizados para fixa\u00e7\u00e3o de trilhos em dormentes de madeira com ou sem aux\u00edlio de placas de apoio.\" \/>\n<meta name=\"robots\" content=\"index, follow, max-snippet:-1, max-image-preview:large, max-video-preview:-1\" \/>\n<link rel=\"canonical\" href=\"https:\/\/condutec.com.br\/en\/pregos\/\" \/>\n<meta property=\"og:locale\" content=\"en_US\" \/>\n<meta property=\"og:type\" content=\"article\" \/>\n<meta property=\"og:title\" content=\"Pregos\" \/>\n<meta property=\"og:description\" content=\"Os pregos de linha ferrovi\u00e1rios s\u00e3o utilizados para fixa\u00e7\u00e3o de trilhos em dormentes de madeira com ou sem aux\u00edlio de placas de apoio.\" \/>\n<meta property=\"og:url\" content=\"https:\/\/condutec.com.br\/en\/pregos\/\" \/>\n<meta property=\"og:site_name\" content=\"Condutec - Fixa\u00e7\u00f5es Ferrovi\u00e1rias\" \/>\n<meta property=\"article:publisher\" content=\"https:\/\/www.facebook.com\/profile.php?id=100090697994769\" \/>\n<meta property=\"article:modified_time\" content=\"2025-02-10T16:52:41+00:00\" \/>\n<meta property=\"og:image\" content=\"http:\/\/condutec.com.br\/wp-content\/uploads\/2023\/08\/Prego_Car2-e1692731149293.webp\" \/>\n\t<meta property=\"og:image:width\" content=\"650\" \/>\n\t<meta property=\"og:image:height\" content=\"800\" \/>\n\t<meta property=\"og:image:type\" content=\"image\/webp\" \/>\n<meta name=\"twitter:card\" content=\"summary_large_image\" \/>\n<meta name=\"twitter:label1\" content=\"Est. reading time\" \/>\n\t<meta name=\"twitter:data1\" content=\"1 minute\" \/>\n<script type=\"application\/ld+json\" class=\"yoast-schema-graph\">{\"@context\":\"https:\/\/schema.org\",\"@graph\":[{\"@type\":\"WebPage\",\"@id\":\"https:\/\/condutec.com.br\/pregos\/\",\"url\":\"https:\/\/condutec.com.br\/pregos\/\",\"name\":\"Pregos de Linha - produto de fixa\u00e7\u00e3o da linha ferrovi\u00e1ria\",\"isPartOf\":{\"@id\":\"https:\/\/condutec.com.br\/#website\"},\"datePublished\":\"2023-08-18T00:23:25+00:00\",\"dateModified\":\"2025-02-10T16:52:41+00:00\",\"description\":\"Os pregos de linha ferrovi\u00e1rios s\u00e3o utilizados para fixa\u00e7\u00e3o de trilhos em dormentes de madeira com ou sem aux\u00edlio de placas de apoio.\",\"breadcrumb\":{\"@id\":\"https:\/\/condutec.com.br\/pregos\/#breadcrumb\"},\"inLanguage\":\"en-US\",\"potentialAction\":[{\"@type\":\"ReadAction\",\"target\":[\"https:\/\/condutec.com.br\/pregos\/\"]}]},{\"@type\":\"BreadcrumbList\",\"@id\":\"https:\/\/condutec.com.br\/pregos\/#breadcrumb\",\"itemListElement\":[{\"@type\":\"ListItem\",\"position\":1,\"name\":\"Home\",\"item\":\"https:\/\/condutec.com.br\/\"},{\"@type\":\"ListItem\",\"position\":2,\"name\":\"Pregos\"}]},{\"@type\":\"WebSite\",\"@id\":\"https:\/\/condutec.com.br\/#website\",\"url\":\"https:\/\/condutec.com.br\/\",\"name\":\"Condutec - Fixa\u00e7\u00f5es Ferrovi\u00e1rias\",\"description\":\"H\u00e1 30 anos fornecendo solu\u00e7\u00f5es em fixa\u00e7\u00e3o no segmento ferrovi\u00e1rio.\",\"publisher\":{\"@id\":\"https:\/\/condutec.com.br\/#organization\"},\"potentialAction\":[{\"@type\":\"SearchAction\",\"target\":{\"@type\":\"EntryPoint\",\"urlTemplate\":\"https:\/\/condutec.com.br\/?s={search_term_string}\"},\"query-input\":\"required name=search_term_string\"}],\"inLanguage\":\"en-US\"},{\"@type\":\"Organization\",\"@id\":\"https:\/\/condutec.com.br\/#organization\",\"name\":\"Condutec Ind\u00fastria de Materiais Ferrovi\u00e1rios Ltda.\",\"alternateName\":\"Condutec\",\"url\":\"https:\/\/condutec.com.br\/\",\"logo\":{\"@type\":\"ImageObject\",\"inLanguage\":\"en-US\",\"@id\":\"https:\/\/condutec.com.br\/#\/schema\/logo\/image\/\",\"url\":\"https:\/\/condutec.com.br\/wp-content\/uploads\/2023\/07\/VRT-COLOR.svg\",\"contentUrl\":\"https:\/\/condutec.com.br\/wp-content\/uploads\/2023\/07\/VRT-COLOR.svg\",\"width\":145,\"height\":81,\"caption\":\"Condutec Ind\u00fastria de Materiais Ferrovi\u00e1rios Ltda.\"},\"image\":{\"@id\":\"https:\/\/condutec.com.br\/#\/schema\/logo\/image\/\"},\"sameAs\":[\"https:\/\/www.facebook.com\/profile.php?id=100090697994769\",\"https:\/\/www.instagram.com\/condutec_\/\"],\"publishingPrinciples\":\"https:\/\/condutec.com.br\/\"}]}<\/script>\n<!-- \/ Yoast SEO Premium plugin. -->","yoast_head_json":{"title":"Pregos de Linha - produto de fixa\u00e7\u00e3o da linha ferrovi\u00e1ria","description":"Os pregos de linha ferrovi\u00e1rios s\u00e3o utilizados para fixa\u00e7\u00e3o de trilhos em dormentes de madeira com ou sem aux\u00edlio de placas de apoio.","robots":{"index":"index","follow":"follow","max-snippet":"max-snippet:-1","max-image-preview":"max-image-preview:large","max-video-preview":"max-video-preview:-1"},"canonical":"https:\/\/condutec.com.br\/en\/pregos\/","og_locale":"en_US","og_type":"article","og_title":"Pregos","og_description":"Os pregos de linha ferrovi\u00e1rios s\u00e3o utilizados para fixa\u00e7\u00e3o de trilhos em dormentes de madeira com ou sem aux\u00edlio de placas de apoio.","og_url":"https:\/\/condutec.com.br\/en\/pregos\/","og_site_name":"Condutec - Fixa\u00e7\u00f5es Ferrovi\u00e1rias","article_publisher":"https:\/\/www.facebook.com\/profile.php?id=100090697994769","article_modified_time":"2025-02-10T16:52:41+00:00","og_image":[{"width":650,"height":800,"url":"http:\/\/condutec.com.br\/wp-content\/uploads\/2023\/08\/Prego_Car2-e1692731149293.webp","type":"image\/webp"}],"twitter_card":"summary_large_image","twitter_misc":{"Est. reading time":"1 minute"},"schema":{"@context":"https:\/\/schema.org","@graph":[{"@type":"WebPage","@id":"https:\/\/condutec.com.br\/pregos\/","url":"https:\/\/condutec.com.br\/pregos\/","name":"Pregos de Linha - produto de fixa\u00e7\u00e3o da linha ferrovi\u00e1ria","isPartOf":{"@id":"https:\/\/condutec.com.br\/#website"},"datePublished":"2023-08-18T00:23:25+00:00","dateModified":"2025-02-10T16:52:41+00:00","description":"Os pregos de linha ferrovi\u00e1rios s\u00e3o utilizados para fixa\u00e7\u00e3o de trilhos em dormentes de madeira com ou sem aux\u00edlio de placas de apoio.","breadcrumb":{"@id":"https:\/\/condutec.com.br\/pregos\/#breadcrumb"},"inLanguage":"en-US","potentialAction":[{"@type":"ReadAction","target":["https:\/\/condutec.com.br\/pregos\/"]}]},{"@type":"BreadcrumbList","@id":"https:\/\/condutec.com.br\/pregos\/#breadcrumb","itemListElement":[{"@type":"ListItem","position":1,"name":"Home","item":"https:\/\/condutec.com.br\/"},{"@type":"ListItem","position":2,"name":"Pregos"}]},{"@type":"WebSite","@id":"https:\/\/condutec.com.br\/#website","url":"https:\/\/condutec.com.br\/","name":"Condutec - Fixa\u00e7\u00f5es Ferrovi\u00e1rias","description":"H\u00e1 30 anos fornecendo solu\u00e7\u00f5es em fixa\u00e7\u00e3o no segmento ferrovi\u00e1rio.","publisher":{"@id":"https:\/\/condutec.com.br\/#organization"},"potentialAction":[{"@type":"SearchAction","target":{"@type":"EntryPoint","urlTemplate":"https:\/\/condutec.com.br\/?s={search_term_string}"},"query-input":"required name=search_term_string"}],"inLanguage":"en-US"},{"@type":"Organization","@id":"https:\/\/condutec.com.br\/#organization","name":"Condutec Ind\u00fastria de Materiais Ferrovi\u00e1rios Ltda.","alternateName":"Condutec","url":"https:\/\/condutec.com.br\/","logo":{"@type":"ImageObject","inLanguage":"en-US","@id":"https:\/\/condutec.com.br\/#\/schema\/logo\/image\/","url":"https:\/\/condutec.com.br\/wp-content\/uploads\/2023\/07\/VRT-COLOR.svg","contentUrl":"https:\/\/condutec.com.br\/wp-content\/uploads\/2023\/07\/VRT-COLOR.svg","width":145,"height":81,"caption":"Condutec Ind\u00fastria de Materiais Ferrovi\u00e1rios Ltda."},"image":{"@id":"https:\/\/condutec.com.br\/#\/schema\/logo\/image\/"},"sameAs":["https:\/\/www.facebook.com\/profile.php?id=100090697994769","https:\/\/www.instagram.com\/condutec_\/"],"publishingPrinciples":"https:\/\/condutec.com.br\/"}]}},"uagb_featured_image_src":{"full":["https:\/\/condutec.com.br\/wp-content\/uploads\/2023\/08\/Prego_Car2-e1692731149293.webp",650,800,false],"thumbnail":["https:\/\/condutec.com.br\/wp-content\/uploads\/2023\/08\/Prego_Car2-e1692731149293-150x150.webp",150,150,true],"medium":["https:\/\/condutec.com.br\/wp-content\/uploads\/2023\/08\/Prego_Car2-e1692731149293-244x300.webp",244,300,true],"medium_large":["https:\/\/condutec.com.br\/wp-content\/uploads\/2023\/08\/Prego_Car2-e1692731149293.webp",650,800,false],"large":["https:\/\/condutec.com.br\/wp-content\/uploads\/2023\/08\/Prego_Car2-e1692731149293.webp",650,800,false],"1536x1536":["https:\/\/condutec.com.br\/wp-content\/uploads\/2023\/08\/Prego_Car2-e1692731149293.webp",650,800,false],"2048x2048":["https:\/\/condutec.com.br\/wp-content\/uploads\/2023\/08\/Prego_Car2-e1692731149293.webp",650,800,false],"trp-custom-language-flag":["https:\/\/condutec.com.br\/wp-content\/uploads\/2023\/08\/Prego_Car2-e1692731149293.webp",10,12,false]},"uagb_author_info":{"display_name":"designacoes","author_link":"https:\/\/condutec.com.br\/en\/author\/designacoes\/"},"uagb_comment_info":0,"uagb_excerpt":"pregos de linha PREGOS DE LINHA Prego robusto, de se\u00e7\u00e3o quadrada, com uma das extremidades em gume e a outra com cabe\u00e7a, em geral destinado a fixar a fiada de trilhos ou placa de apoio em dormente de madeira. Propriedades do material conforme norma ASTM A36\/A 36M e ASTM A65. Especifica\u00e7\u00e3o T\u00e9cnica Nosso Cat\u00e1logo de&hellip;","_links":{"self":[{"href":"https:\/\/condutec.com.br\/en\/wp-json\/wp\/v2\/pages\/1763","targetHints":{"allow":["GET"]}}],"collection":[{"href":"https:\/\/condutec.com.br\/en\/wp-json\/wp\/v2\/pages"}],"about":[{"href":"https:\/\/condutec.com.br\/en\/wp-json\/wp\/v2\/types\/page"}],"author":[{"embeddable":true,"href":"https:\/\/condutec.com.br\/en\/wp-json\/wp\/v2\/users\/1"}],"replies":[{"embeddable":true,"href":"https:\/\/condutec.com.br\/en\/wp-json\/wp\/v2\/comments?post=1763"}],"version-history":[{"count":38,"href":"https:\/\/condutec.com.br\/en\/wp-json\/wp\/v2\/pages\/1763\/revisions"}],"predecessor-version":[{"id":3289,"href":"https:\/\/condutec.com.br\/en\/wp-json\/wp\/v2\/pages\/1763\/revisions\/3289"}],"wp:featuredmedia":[{"embeddable":true,"href":"https:\/\/condutec.com.br\/en\/wp-json\/wp\/v2\/media\/2757"}],"wp:attachment":[{"href":"https:\/\/condutec.com.br\/en\/wp-json\/wp\/v2\/media?parent=1763"}],"curies":[{"name":"wp","href":"https:\/\/api.w.org\/{rel}","templated":true}]}}