{"id":1765,"date":"2023-08-17T21:24:22","date_gmt":"2023-08-18T00:24:22","guid":{"rendered":"https:\/\/condutec.com.br\/?page_id=1765"},"modified":"2023-10-03T15:09:04","modified_gmt":"2023-10-03T18:09:04","slug":"arruelas-2","status":"publish","type":"page","link":"https:\/\/condutec.com.br\/en\/arruelas-2\/","title":{"rendered":"WASHERS"},"content":{"rendered":"<div data-elementor-type=\"wp-post\" data-elementor-id=\"1765\" class=\"elementor elementor-1765\" data-elementor-post-type=\"page\">\n\t\t\t\t<div class=\"elementor-element elementor-element-6f3ffd0 e-con-full e-flex e-con e-parent\" data-id=\"6f3ffd0\" data-element_type=\"container\" data-settings=\"{&quot;background_background&quot;:&quot;classic&quot;}\">\n\t\t\t\t<div class=\"elementor-element elementor-element-edf1944 elementor-widget__width-initial elementor-widget elementor-widget-heading\" data-id=\"edf1944\" data-element_type=\"widget\" data-settings=\"{&quot;motion_fx_motion_fx_scrolling&quot;:&quot;yes&quot;,&quot;motion_fx_blur_effect&quot;:&quot;yes&quot;,&quot;motion_fx_blur_direction&quot;:&quot;out-in-out&quot;,&quot;motion_fx_blur_level&quot;:{&quot;unit&quot;:&quot;px&quot;,&quot;size&quot;:8,&quot;sizes&quot;:[]},&quot;motion_fx_blur_range&quot;:{&quot;unit&quot;:&quot;%&quot;,&quot;size&quot;:&quot;&quot;,&quot;sizes&quot;:{&quot;start&quot;:21,&quot;end&quot;:65}},&quot;motion_fx_devices&quot;:[&quot;desktop&quot;,&quot;tablet&quot;,&quot;mobile&quot;]}\" data-widget_type=\"heading.default\">\n\t\t\t\t<div class=\"elementor-widget-container\">\n\t\t\t\t\t<h2 class=\"elementor-heading-title elementor-size-default\">SPRING WASHERS<\/h2>\t\t\t\t<\/div>\n\t\t\t\t<\/div>\n\t\t\t\t<\/div>\n\t\t<div class=\"elementor-element elementor-element-360bc70 e-flex e-con-boxed e-con e-parent\" data-id=\"360bc70\" data-element_type=\"container\" data-settings=\"{&quot;background_background&quot;:&quot;classic&quot;}\">\n\t\t\t\t\t<div class=\"e-con-inner\">\n\t\t<div class=\"elementor-element elementor-element-78496db e-con-full e-flex e-con e-parent\" data-id=\"78496db\" data-element_type=\"container\" data-settings=\"{&quot;background_background&quot;:&quot;classic&quot;}\">\n\t\t\t\t<div class=\"elementor-element elementor-element-b05debf elementor-widget elementor-widget-image\" data-id=\"b05debf\" data-element_type=\"widget\" data-widget_type=\"image.default\">\n\t\t\t\t<div class=\"elementor-widget-container\">\n\t\t\t\t\t\t\t\t\t\t\t\t\t\t\t<img fetchpriority=\"high\" decoding=\"async\" width=\"600\" height=\"400\" src=\"https:\/\/condutec.com.br\/wp-content\/uploads\/2023\/08\/arruela-simples.webp\" class=\"attachment-full size-full wp-image-2626\" alt=\"arruela de press\u00e3o ferrovi\u00e1ria\" srcset=\"https:\/\/condutec.com.br\/wp-content\/uploads\/2023\/08\/arruela-simples.webp 600w, https:\/\/condutec.com.br\/wp-content\/uploads\/2023\/08\/arruela-simples-300x200.webp 300w\" sizes=\"(max-width: 600px) 100vw, 600px\" \/>\t\t\t\t\t\t\t\t\t\t\t\t\t\t\t<\/div>\n\t\t\t\t<\/div>\n\t\t\t\t<div class=\"elementor-element elementor-element-3a5c3be elementor-widget elementor-widget-heading\" data-id=\"3a5c3be\" data-element_type=\"widget\" data-widget_type=\"heading.default\">\n\t\t\t\t<div class=\"elementor-widget-container\">\n\t\t\t\t\t<h3 class=\"elementor-heading-title elementor-size-default\">SPRING WASHER\n<\/h3>\t\t\t\t<\/div>\n\t\t\t\t<\/div>\n\t\t\t\t<div class=\"elementor-element elementor-element-9dc0e82 elementor-widget elementor-widget-text-editor\" data-id=\"9dc0e82\" data-element_type=\"widget\" data-widget_type=\"text-editor.default\">\n\t\t\t\t<div class=\"elementor-widget-container\">\n\t\t\t\t\t\t\t\t\t<p class=\" translation-block\">This product is used in the assembly of the joint bar screw-nut set, which is subjected to great efforts, vibrations and temperature variations. The pressure washer also works as a locking element, preventing the screw and nut from loosening. All pressure washers are made of special spring steel (SAE 9254\/AM54) and undergo heat treatment to achieve the necessary mechanical properties.<\/p>\t\t\t\t\t\t\t\t<\/div>\n\t\t\t\t<\/div>\n\t\t\t\t<div class=\"elementor-element elementor-element-2efd06a elementor-position-left elementor-mobile-position-left elementor-widget-mobile__width-initial elementor-view-default elementor-widget elementor-widget-icon-box\" data-id=\"2efd06a\" data-element_type=\"widget\" data-widget_type=\"icon-box.default\">\n\t\t\t\t<div class=\"elementor-widget-container\">\n\t\t\t\t\t\t\t<div class=\"elementor-icon-box-wrapper\">\n\n\t\t\t\t\t\t<div class=\"elementor-icon-box-icon\">\n\t\t\t\t<a href=\"http:\/\/condutec.com.br\/wp-content\/uploads\/2023\/10\/ET-Arruelas-de-Pressao-Pesadas.pdf\" target=\"_blank\" class=\"elementor-icon\" tabindex=\"-1\" aria-label=\"Technical Specification\">\n\t\t\t\t<i aria-hidden=\"true\" class=\"fas fa-download\"><\/i>\t\t\t\t<\/a>\n\t\t\t<\/div>\n\t\t\t\n\t\t\t\t\t\t<div class=\"elementor-icon-box-content\">\n\n\t\t\t\t\t\t\t\t\t<h3 class=\"elementor-icon-box-title\">\n\t\t\t\t\t\t<a href=\"http:\/\/condutec.com.br\/wp-content\/uploads\/2023\/10\/ET-Arruelas-de-Pressao-Pesadas.pdf\" target=\"_blank\" >\n\t\t\t\t\t\t\tTechnical Specification\t\t\t\t\t\t<\/a>\n\t\t\t\t\t<\/h3>\n\t\t\t\t\n\t\t\t\t\n\t\t\t<\/div>\n\t\t\t\n\t\t<\/div>\n\t\t\t\t\t\t<\/div>\n\t\t\t\t<\/div>\n\t\t\t\t<\/div>\n\t\t<div class=\"elementor-element elementor-element-c16feee e-con-full e-flex e-con e-parent\" data-id=\"c16feee\" data-element_type=\"container\">\n\t\t\t\t<div class=\"elementor-element elementor-element-7d46772 elementor-widget elementor-widget-image\" data-id=\"7d46772\" data-element_type=\"widget\" data-widget_type=\"image.default\">\n\t\t\t\t<div class=\"elementor-widget-container\">\n\t\t\t\t\t\t\t\t\t\t\t\t\t\t\t<img decoding=\"async\" width=\"600\" height=\"400\" src=\"https:\/\/condutec.com.br\/wp-content\/uploads\/2023\/08\/arruela-dupla.webp\" class=\"attachment-full size-full wp-image-2627\" alt=\"arruela dupla de press\u00e3o ferrovi\u00e1ria\" srcset=\"https:\/\/condutec.com.br\/wp-content\/uploads\/2023\/08\/arruela-dupla.webp 600w, https:\/\/condutec.com.br\/wp-content\/uploads\/2023\/08\/arruela-dupla-300x200.webp 300w\" sizes=\"(max-width: 600px) 100vw, 600px\" \/>\t\t\t\t\t\t\t\t\t\t\t\t\t\t\t<\/div>\n\t\t\t\t<\/div>\n\t\t\t\t<div class=\"elementor-element elementor-element-cc10cae elementor-widget elementor-widget-heading\" data-id=\"cc10cae\" data-element_type=\"widget\" data-widget_type=\"heading.default\">\n\t\t\t\t<div class=\"elementor-widget-container\">\n\t\t\t\t\t<h3 class=\"elementor-heading-title elementor-size-default\">DOUBLE COIL SPRING WASHER\n<\/h3>\t\t\t\t<\/div>\n\t\t\t\t<\/div>\n\t\t\t\t<div class=\"elementor-element elementor-element-0426796 elementor-widget elementor-widget-text-editor\" data-id=\"0426796\" data-element_type=\"widget\" data-widget_type=\"text-editor.default\">\n\t\t\t\t<div class=\"elementor-widget-container\">\n\t\t\t\t\t\t\t\t\t<p>The double coil spring washers are used in the assembly of the fastening set composed of a screw spike and a tie plate, which is generally subjected to great efforts, vibrations and temperature variations. All double coil spring washers are made of special spring steel (SAE 9254) and are heat treated (in the quenching and tempering process) to achieve the necessary mechanical properties.<\/p>\t\t\t\t\t\t\t\t<\/div>\n\t\t\t\t<\/div>\n\t\t\t\t<div class=\"elementor-element elementor-element-39f98b4 elementor-position-left elementor-mobile-position-left elementor-widget-mobile__width-initial elementor-view-default elementor-widget elementor-widget-icon-box\" data-id=\"39f98b4\" data-element_type=\"widget\" data-widget_type=\"icon-box.default\">\n\t\t\t\t<div class=\"elementor-widget-container\">\n\t\t\t\t\t\t\t<div class=\"elementor-icon-box-wrapper\">\n\n\t\t\t\t\t\t<div class=\"elementor-icon-box-icon\">\n\t\t\t\t<a href=\"http:\/\/condutec.com.br\/wp-content\/uploads\/2023\/10\/ET-Arruelas-Dupla-de-Pressao.pdf\" target=\"_blank\" class=\"elementor-icon\" tabindex=\"-1\" aria-label=\"Technical Specification\">\n\t\t\t\t<i aria-hidden=\"true\" class=\"fas fa-download\"><\/i>\t\t\t\t<\/a>\n\t\t\t<\/div>\n\t\t\t\n\t\t\t\t\t\t<div class=\"elementor-icon-box-content\">\n\n\t\t\t\t\t\t\t\t\t<h3 class=\"elementor-icon-box-title\">\n\t\t\t\t\t\t<a href=\"http:\/\/condutec.com.br\/wp-content\/uploads\/2023\/10\/ET-Arruelas-Dupla-de-Pressao.pdf\" target=\"_blank\" >\n\t\t\t\t\t\t\tTechnical Specification\t\t\t\t\t\t<\/a>\n\t\t\t\t\t<\/h3>\n\t\t\t\t\n\t\t\t\t\n\t\t\t<\/div>\n\t\t\t\n\t\t<\/div>\n\t\t\t\t\t\t<\/div>\n\t\t\t\t<\/div>\n\t\t\t\t<\/div>\n\t\t\t\t\t<\/div>\n\t\t\t\t<\/div>\n\t\t<div class=\"elementor-element elementor-element-42899b3 e-flex e-con-boxed e-con e-parent\" data-id=\"42899b3\" data-element_type=\"container\" data-settings=\"{&quot;background_background&quot;:&quot;gradient&quot;}\">\n\t\t\t\t\t<div class=\"e-con-inner\">\n\t\t<div class=\"elementor-element elementor-element-7682bfe e-con-full e-flex e-con e-parent\" data-id=\"7682bfe\" data-element_type=\"container\">\n\t\t<div class=\"elementor-element elementor-element-3cca7b6 e-con-full e-flex e-con e-parent\" data-id=\"3cca7b6\" data-element_type=\"container\">\n\t\t<div class=\"elementor-element elementor-element-5d80d82 e-con-full e-flex e-con e-parent\" data-id=\"5d80d82\" data-element_type=\"container\" data-settings=\"{&quot;background_background&quot;:&quot;classic&quot;}\">\n\t\t\t\t<div class=\"elementor-element elementor-element-2e3f689 elementor-widget elementor-widget-uael-infobox\" data-id=\"2e3f689\" data-element_type=\"widget\" data-widget_type=\"uael-infobox.default\">\n\t\t\t\t<div class=\"elementor-widget-container\">\n\t\t\t\t\t\n<div class=\"uael-module-content uael-infobox uael-imgicon-style-normal  uael-infobox-left  infobox-has-photo uael-infobox-photo-left  uael-infobox-image-valign-top  uael-infobox-stacked-tablet  uael-infobox-link-type-button\">\n\t<div class=\"uael-infobox-left-right-wrap\">\n\t\t\t\t\t\t\t\t<div class=\"uael-module-content uael-imgicon-wrap\">\t\t\t\t\t\t\t\t\t\t\t\n\t\t\t\t\t\t\t\t\t\t\t\t\t\t\t\t<div class=\"uael-image\" itemscope itemtype=\"http:\/\/schema.org\/ImageObject\">\n\t\t\t\t\t\t\t<div class=\"uael-image-content elementor-animation-\">\n\t\t\t\t\t\t\t\t<img decoding=\"async\" src=\"https:\/\/condutec.com.br\/wp-content\/uploads\/2018\/07\/icon15-free-img.png\" title=\"\" alt=\"\" loading=\"lazy\" \/>\t\t\t\t\t\t\t<\/div>\n\t\t\t\t\t\t<\/div>\n\n\t\t\t\t\t\t\t\t\t<\/div>\n\t\t\t\t\t\t<div class=\"uael-infobox-content\">\n\t\t\t\t\t\t<div class='uael-infobox-title-wrap'><h4 class=\"uael-infobox-title-prefix elementor-inline-editing\" data-elementor-setting-key=\"infobox_title_prefix\" data-elementor-inline-editing-toolbar=\"basic\" >Our product catalog<\/h4><\/div>\t\t\t\t\t\t\t\t\t<div class=\"uael-infobox-text-wrap\">\n\t\t\t\t<div class=\"uael-infobox-text elementor-inline-editing\" data-elementor-setting-key=\"infobox_description\" data-elementor-inline-editing-toolbar=\"advanced\">\n\t\t\t\t\t<p>Have our portfolio on your device or computer so you can access it whenever you want.<\/p>\t\t\t\t<\/div>\n\t\t\t\t\t\n\t\t\t\t\t\t\t<div class=\"uael-button-wrapper elementor-button-wrapper\">\n\t\t\t\t<a href=\"http:\/\/condutec.com.br\/wp-content\/uploads\/2023\/10\/catalogo_condutec_2017.pdf\" target=\"_blank\" class=\"elementor-button-link  elementor-button elementor-size-sm\">\n\t\t\t\t\t\t\t<span class=\"elementor-button-content-wrapper\">\n\t\t\t\t\t\t\t\t\t\t\t\t\t\t\t\t<span class=\"elementor-align-icon-right elementor-button-icon\">\n\t\t\t\t\t\t<i aria-hidden=\"true\" class=\"fas fa-angle-right\"><\/i>\t\t\t\t\t<\/span>\n\t\t\t\t\t\t\t\n\t\t\t<span class=\"elementor-button-text elementor-inline-editing\"  data-elementor-setting-key=\"infobox_button_text\" data-elementor-inline-editing-toolbar=\"none\">Download <\/span>\n\t\t<\/span>\n\t\t\t\t\t\t<\/a>\n\t\t\t<\/div>\n\t\t\t\t\t\t<\/div>\n\t\t<\/div>\n\t\t\t<\/div>\n<\/div>\n\t\t\t\t<\/div>\n\t\t\t\t<\/div>\n\t\t\t\t<\/div>\n\t\t<div class=\"elementor-element elementor-element-824ac62 e-con-full e-flex e-con e-parent\" data-id=\"824ac62\" data-element_type=\"container\">\n\t\t\t\t<div class=\"elementor-element elementor-element-301a9e1 elementor-widget elementor-widget-uael-infobox\" data-id=\"301a9e1\" data-element_type=\"widget\" data-widget_type=\"uael-infobox.default\">\n\t\t\t\t<div class=\"elementor-widget-container\">\n\t\t\t\t\t\n<div class=\"uael-module-content uael-infobox uael-imgicon-style-normal  uael-infobox-  infobox-has-icon uael-infobox-icon-above-title  uael-infobox-link-type-none\">\n\t<div class=\"uael-infobox-left-right-wrap\">\n\t\t\t\t\t\t<div class=\"uael-infobox-content\">\n\t\t\t\t\t\t\t<div class=\"uael-module-content uael-imgicon-wrap\">\t\t\t\t\t\t\t\t\t\t\t\t\t\t\t\t\t\t<div class=\"uael-icon-wrap elementor-animation-\">\n\t\t\t\t\t\t\t\t<span class=\"uael-icon\">\n\t\t\t\t\t\t\t\t\t<i aria-hidden=\"true\" class=\"far fa-calendar-check\"><\/i>\t\t\t\t\t\t\t\t<\/span>\n\t\t\t\t\t\t\t<\/div>\n\t\t\t\t\t\t\t\n\t\t\t\t\t\t\t\t\t\t\t\t\t\t<\/div>\n\t\t\t\t\t\t\t<div class='uael-infobox-title-wrap'><h4 class=\"uael-infobox-title elementor-inline-editing\" data-elementor-setting-key=\"infobox_title\" data-elementor-inline-editing-toolbar=\"basic\" >Visit Us<\/h4><\/div>\t\t\t\t\t\t<div class=\"uael-separator-parent\">\n\t\t\t\t<div class=\"uael-separator\"><\/div>\n\t\t\t<\/div>\n\t\t\t\t\t\t\t\t\t<div class=\"uael-infobox-text-wrap\">\n\t\t\t\t<div class=\"uael-infobox-text elementor-inline-editing\" data-elementor-setting-key=\"infobox_description\" data-elementor-inline-editing-toolbar=\"advanced\">\n\t\t\t\t\tIt is always a pleasure for us to welcome our clients and business partners.\t\t\t\t<\/div>\n\t\t\t\t\t\n\t\t\t\t\t\t\t<\/div>\n\t\t<\/div>\n\t\t\t<\/div>\n<\/div>\n\t\t\t\t<\/div>\n\t\t\t\t<\/div>\n\t\t\t\t<\/div>\n\t\t\t\t<\/div>\n\t\t\t\t<\/div>\n\t\t\t\t\t<\/div>\n\t\t\t\t<\/div>\n\t\t\t\t<\/div>","protected":false},"excerpt":{"rendered":"<p>Arruelas de Press\u00e3o ARRUELA DE PRESS\u00c3O Esse produto \u00e9 utilizado na montagem do conjunto parafuso-porca de tala de jun\u00e7\u00e3o, que \u00e9 submetido a grandes esfor\u00e7os, vibra\u00e7\u00f5es e varia\u00e7\u00f5es de temperatura. A arruela de press\u00e3o funciona tamb\u00e9m como elemento de trava, evitando o afrouxamento do parafuso e da porca. Todas as arruelas de press\u00e3o s\u00e3o confeccionadas &hellip;<\/p>\n<p class=\"read-more\"> <a class=\"\" href=\"https:\/\/condutec.com.br\/en\/arruelas-2\/\"> <span class=\"screen-reader-text\">WASHERS<\/span> Read More &raquo;<\/a><\/p>","protected":false},"author":1,"featured_media":0,"parent":0,"menu_order":0,"comment_status":"closed","ping_status":"closed","template":"","meta":{"_uag_custom_page_level_css":"","site-sidebar-layout":"no-sidebar","site-content-layout":"page-builder","ast-site-content-layout":"full-width-container","site-content-style":"unboxed","site-sidebar-style":"unboxed","ast-global-header-display":"","ast-banner-title-visibility":"","ast-main-header-display":"","ast-hfb-above-header-display":"","ast-hfb-below-header-display":"","ast-hfb-mobile-header-display":"","site-post-title":"disabled","ast-breadcrumbs-content":"","ast-featured-img":"disabled","footer-sml-layout":"","theme-transparent-header-meta":"enabled","adv-header-id-meta":"","stick-header-meta":"default","header-above-stick-meta":"","header-main-stick-meta":"","header-below-stick-meta":"","astra-migrate-meta-layouts":"set","footnotes":""},"class_list":["post-1765","page","type-page","status-publish","hentry"],"yoast_head":"<!-- This site is optimized with the Yoast SEO Premium plugin v21.0 (Yoast SEO v21.7) - https:\/\/yoast.com\/wordpress\/plugins\/seo\/ -->\n<title>Arruelas de Press\u00e3o para Talas de Jun\u00e7\u00e3o<\/title>\n<meta name=\"description\" content=\"As arruelas de press\u00e3o s\u00e3o usadas na montagem do conjunto de fixa\u00e7\u00e3o parafusos-porcas nas tala de jun\u00e7\u00e3o em trilhos ferrovi\u00e1rios.\" \/>\n<meta name=\"robots\" content=\"index, follow, max-snippet:-1, max-image-preview:large, max-video-preview:-1\" \/>\n<link rel=\"canonical\" href=\"https:\/\/condutec.com.br\/en\/arruelas-2\/\" \/>\n<meta property=\"og:locale\" content=\"en_US\" \/>\n<meta property=\"og:type\" content=\"article\" \/>\n<meta property=\"og:title\" content=\"Arruelas\" \/>\n<meta property=\"og:description\" content=\"As arruelas de press\u00e3o s\u00e3o usadas na montagem do conjunto de fixa\u00e7\u00e3o parafusos-porcas nas tala de jun\u00e7\u00e3o em trilhos ferrovi\u00e1rios.\" \/>\n<meta property=\"og:url\" content=\"https:\/\/condutec.com.br\/en\/arruelas-2\/\" \/>\n<meta property=\"og:site_name\" content=\"Condutec - Fixa\u00e7\u00f5es Ferrovi\u00e1rias\" \/>\n<meta property=\"article:publisher\" content=\"https:\/\/www.facebook.com\/profile.php?id=100090697994769\" \/>\n<meta property=\"article:modified_time\" content=\"2023-10-03T18:09:04+00:00\" \/>\n<meta property=\"og:image\" content=\"http:\/\/condutec.com.br\/wp-content\/uploads\/2023\/08\/arruela-simples.webp\" \/>\n<meta name=\"twitter:card\" content=\"summary_large_image\" \/>\n<meta name=\"twitter:label1\" content=\"Est. reading time\" \/>\n\t<meta name=\"twitter:data1\" content=\"2 minutes\" \/>\n<script type=\"application\/ld+json\" class=\"yoast-schema-graph\">{\"@context\":\"https:\/\/schema.org\",\"@graph\":[{\"@type\":\"WebPage\",\"@id\":\"https:\/\/condutec.com.br\/arruelas-2\/\",\"url\":\"https:\/\/condutec.com.br\/arruelas-2\/\",\"name\":\"Arruelas de Press\u00e3o para Talas de Jun\u00e7\u00e3o\",\"isPartOf\":{\"@id\":\"https:\/\/condutec.com.br\/#website\"},\"datePublished\":\"2023-08-18T00:24:22+00:00\",\"dateModified\":\"2023-10-03T18:09:04+00:00\",\"description\":\"As arruelas de press\u00e3o s\u00e3o usadas na montagem do conjunto de fixa\u00e7\u00e3o parafusos-porcas nas tala de jun\u00e7\u00e3o em trilhos ferrovi\u00e1rios.\",\"breadcrumb\":{\"@id\":\"https:\/\/condutec.com.br\/arruelas-2\/#breadcrumb\"},\"inLanguage\":\"en-US\",\"potentialAction\":[{\"@type\":\"ReadAction\",\"target\":[\"https:\/\/condutec.com.br\/arruelas-2\/\"]}]},{\"@type\":\"BreadcrumbList\",\"@id\":\"https:\/\/condutec.com.br\/arruelas-2\/#breadcrumb\",\"itemListElement\":[{\"@type\":\"ListItem\",\"position\":1,\"name\":\"Home\",\"item\":\"https:\/\/condutec.com.br\/\"},{\"@type\":\"ListItem\",\"position\":2,\"name\":\"Arruelas\"}]},{\"@type\":\"WebSite\",\"@id\":\"https:\/\/condutec.com.br\/#website\",\"url\":\"https:\/\/condutec.com.br\/\",\"name\":\"Condutec - Fixa\u00e7\u00f5es Ferrovi\u00e1rias\",\"description\":\"H\u00e1 30 anos fornecendo solu\u00e7\u00f5es em fixa\u00e7\u00e3o no segmento ferrovi\u00e1rio.\",\"publisher\":{\"@id\":\"https:\/\/condutec.com.br\/#organization\"},\"potentialAction\":[{\"@type\":\"SearchAction\",\"target\":{\"@type\":\"EntryPoint\",\"urlTemplate\":\"https:\/\/condutec.com.br\/?s={search_term_string}\"},\"query-input\":\"required name=search_term_string\"}],\"inLanguage\":\"en-US\"},{\"@type\":\"Organization\",\"@id\":\"https:\/\/condutec.com.br\/#organization\",\"name\":\"Condutec Ind\u00fastria de Materiais Ferrovi\u00e1rios Ltda.\",\"alternateName\":\"Condutec\",\"url\":\"https:\/\/condutec.com.br\/\",\"logo\":{\"@type\":\"ImageObject\",\"inLanguage\":\"en-US\",\"@id\":\"https:\/\/condutec.com.br\/#\/schema\/logo\/image\/\",\"url\":\"https:\/\/condutec.com.br\/wp-content\/uploads\/2023\/07\/VRT-COLOR.svg\",\"contentUrl\":\"https:\/\/condutec.com.br\/wp-content\/uploads\/2023\/07\/VRT-COLOR.svg\",\"width\":145,\"height\":81,\"caption\":\"Condutec Ind\u00fastria de Materiais Ferrovi\u00e1rios Ltda.\"},\"image\":{\"@id\":\"https:\/\/condutec.com.br\/#\/schema\/logo\/image\/\"},\"sameAs\":[\"https:\/\/www.facebook.com\/profile.php?id=100090697994769\",\"https:\/\/www.instagram.com\/condutec_\/\"],\"publishingPrinciples\":\"https:\/\/condutec.com.br\/\"}]}<\/script>\n<!-- \/ Yoast SEO Premium plugin. -->","yoast_head_json":{"title":"Arruelas de Press\u00e3o para Talas de Jun\u00e7\u00e3o","description":"As arruelas de press\u00e3o s\u00e3o usadas na montagem do conjunto de fixa\u00e7\u00e3o parafusos-porcas nas tala de jun\u00e7\u00e3o em trilhos ferrovi\u00e1rios.","robots":{"index":"index","follow":"follow","max-snippet":"max-snippet:-1","max-image-preview":"max-image-preview:large","max-video-preview":"max-video-preview:-1"},"canonical":"https:\/\/condutec.com.br\/en\/arruelas-2\/","og_locale":"en_US","og_type":"article","og_title":"Arruelas","og_description":"As arruelas de press\u00e3o s\u00e3o usadas na montagem do conjunto de fixa\u00e7\u00e3o parafusos-porcas nas tala de jun\u00e7\u00e3o em trilhos ferrovi\u00e1rios.","og_url":"https:\/\/condutec.com.br\/en\/arruelas-2\/","og_site_name":"Condutec - Fixa\u00e7\u00f5es Ferrovi\u00e1rias","article_publisher":"https:\/\/www.facebook.com\/profile.php?id=100090697994769","article_modified_time":"2023-10-03T18:09:04+00:00","og_image":[{"url":"http:\/\/condutec.com.br\/wp-content\/uploads\/2023\/08\/arruela-simples.webp"}],"twitter_card":"summary_large_image","twitter_misc":{"Est. reading time":"2 minutes"},"schema":{"@context":"https:\/\/schema.org","@graph":[{"@type":"WebPage","@id":"https:\/\/condutec.com.br\/arruelas-2\/","url":"https:\/\/condutec.com.br\/arruelas-2\/","name":"Arruelas de Press\u00e3o para Talas de Jun\u00e7\u00e3o","isPartOf":{"@id":"https:\/\/condutec.com.br\/#website"},"datePublished":"2023-08-18T00:24:22+00:00","dateModified":"2023-10-03T18:09:04+00:00","description":"As arruelas de press\u00e3o s\u00e3o usadas na montagem do conjunto de fixa\u00e7\u00e3o parafusos-porcas nas tala de jun\u00e7\u00e3o em trilhos ferrovi\u00e1rios.","breadcrumb":{"@id":"https:\/\/condutec.com.br\/arruelas-2\/#breadcrumb"},"inLanguage":"en-US","potentialAction":[{"@type":"ReadAction","target":["https:\/\/condutec.com.br\/arruelas-2\/"]}]},{"@type":"BreadcrumbList","@id":"https:\/\/condutec.com.br\/arruelas-2\/#breadcrumb","itemListElement":[{"@type":"ListItem","position":1,"name":"Home","item":"https:\/\/condutec.com.br\/"},{"@type":"ListItem","position":2,"name":"Arruelas"}]},{"@type":"WebSite","@id":"https:\/\/condutec.com.br\/#website","url":"https:\/\/condutec.com.br\/","name":"Condutec - Fixa\u00e7\u00f5es Ferrovi\u00e1rias","description":"H\u00e1 30 anos fornecendo solu\u00e7\u00f5es em fixa\u00e7\u00e3o no segmento ferrovi\u00e1rio.","publisher":{"@id":"https:\/\/condutec.com.br\/#organization"},"potentialAction":[{"@type":"SearchAction","target":{"@type":"EntryPoint","urlTemplate":"https:\/\/condutec.com.br\/?s={search_term_string}"},"query-input":"required name=search_term_string"}],"inLanguage":"en-US"},{"@type":"Organization","@id":"https:\/\/condutec.com.br\/#organization","name":"Condutec Ind\u00fastria de Materiais Ferrovi\u00e1rios Ltda.","alternateName":"Condutec","url":"https:\/\/condutec.com.br\/","logo":{"@type":"ImageObject","inLanguage":"en-US","@id":"https:\/\/condutec.com.br\/#\/schema\/logo\/image\/","url":"https:\/\/condutec.com.br\/wp-content\/uploads\/2023\/07\/VRT-COLOR.svg","contentUrl":"https:\/\/condutec.com.br\/wp-content\/uploads\/2023\/07\/VRT-COLOR.svg","width":145,"height":81,"caption":"Condutec Ind\u00fastria de Materiais Ferrovi\u00e1rios Ltda."},"image":{"@id":"https:\/\/condutec.com.br\/#\/schema\/logo\/image\/"},"sameAs":["https:\/\/www.facebook.com\/profile.php?id=100090697994769","https:\/\/www.instagram.com\/condutec_\/"],"publishingPrinciples":"https:\/\/condutec.com.br\/"}]}},"uagb_featured_image_src":{"full":false,"thumbnail":false,"medium":false,"medium_large":false,"large":false,"1536x1536":false,"2048x2048":false,"trp-custom-language-flag":false},"uagb_author_info":{"display_name":"designacoes","author_link":"https:\/\/condutec.com.br\/en\/author\/designacoes\/"},"uagb_comment_info":0,"uagb_excerpt":"Arruelas de Press\u00e3o ARRUELA DE PRESS\u00c3O Esse produto \u00e9 utilizado na montagem do conjunto parafuso-porca de tala de jun\u00e7\u00e3o, que \u00e9 submetido a grandes esfor\u00e7os, vibra\u00e7\u00f5es e varia\u00e7\u00f5es de temperatura. A arruela de press\u00e3o funciona tamb\u00e9m como elemento de trava, evitando o afrouxamento do parafuso e da porca. Todas as arruelas de press\u00e3o s\u00e3o confeccionadas&hellip;","_links":{"self":[{"href":"https:\/\/condutec.com.br\/en\/wp-json\/wp\/v2\/pages\/1765","targetHints":{"allow":["GET"]}}],"collection":[{"href":"https:\/\/condutec.com.br\/en\/wp-json\/wp\/v2\/pages"}],"about":[{"href":"https:\/\/condutec.com.br\/en\/wp-json\/wp\/v2\/types\/page"}],"author":[{"embeddable":true,"href":"https:\/\/condutec.com.br\/en\/wp-json\/wp\/v2\/users\/1"}],"replies":[{"embeddable":true,"href":"https:\/\/condutec.com.br\/en\/wp-json\/wp\/v2\/comments?post=1765"}],"version-history":[{"count":71,"href":"https:\/\/condutec.com.br\/en\/wp-json\/wp\/v2\/pages\/1765\/revisions"}],"predecessor-version":[{"id":3096,"href":"https:\/\/condutec.com.br\/en\/wp-json\/wp\/v2\/pages\/1765\/revisions\/3096"}],"wp:attachment":[{"href":"https:\/\/condutec.com.br\/en\/wp-json\/wp\/v2\/media?parent=1765"}],"curies":[{"name":"wp","href":"https:\/\/api.w.org\/{rel}","templated":true}]}}