{"id":1767,"date":"2023-08-17T21:25:31","date_gmt":"2023-08-18T00:25:31","guid":{"rendered":"https:\/\/condutec.com.br\/?page_id=1767"},"modified":"2023-10-03T15:37:47","modified_gmt":"2023-10-03T18:37:47","slug":"palmilhas-isoladores","status":"publish","type":"page","link":"https:\/\/condutec.com.br\/en\/palmilhas-isoladores\/","title":{"rendered":"INSULATORS"},"content":{"rendered":"<div data-elementor-type=\"wp-post\" data-elementor-id=\"1767\" class=\"elementor elementor-1767\" data-elementor-post-type=\"page\">\n\t\t\t\t<div class=\"elementor-element elementor-element-6f3ffd0 e-con-full e-flex e-con e-parent\" data-id=\"6f3ffd0\" data-element_type=\"container\" data-settings=\"{&quot;background_background&quot;:&quot;classic&quot;}\">\n\t\t\t\t<div class=\"elementor-element elementor-element-edf1944 elementor-widget__width-initial elementor-widget elementor-widget-heading\" data-id=\"edf1944\" data-element_type=\"widget\" data-settings=\"{&quot;motion_fx_motion_fx_scrolling&quot;:&quot;yes&quot;,&quot;motion_fx_blur_effect&quot;:&quot;yes&quot;,&quot;motion_fx_blur_direction&quot;:&quot;out-in-out&quot;,&quot;motion_fx_blur_level&quot;:{&quot;unit&quot;:&quot;px&quot;,&quot;size&quot;:8,&quot;sizes&quot;:[]},&quot;motion_fx_blur_range&quot;:{&quot;unit&quot;:&quot;%&quot;,&quot;size&quot;:&quot;&quot;,&quot;sizes&quot;:{&quot;start&quot;:21,&quot;end&quot;:65}},&quot;motion_fx_devices&quot;:[&quot;desktop&quot;,&quot;tablet&quot;,&quot;mobile&quot;]}\" data-widget_type=\"heading.default\">\n\t\t\t\t<div class=\"elementor-widget-container\">\n\t\t\t\t\t<h2 class=\"elementor-heading-title elementor-size-default\">Rail Pads and insulators<\/h2>\t\t\t\t<\/div>\n\t\t\t\t<\/div>\n\t\t\t\t<\/div>\n\t\t<div class=\"elementor-element elementor-element-3d60d3b e-flex e-con-boxed e-con e-parent\" data-id=\"3d60d3b\" data-element_type=\"container\" data-settings=\"{&quot;background_background&quot;:&quot;classic&quot;}\">\n\t\t\t\t\t<div class=\"e-con-inner\">\n\t\t<div class=\"elementor-element elementor-element-a6f4a97 e-con-full e-flex e-con e-parent\" data-id=\"a6f4a97\" data-element_type=\"container\">\n\t\t<div class=\"elementor-element elementor-element-6e0ed9e e-con-full e-flex e-con e-parent\" data-id=\"6e0ed9e\" data-element_type=\"container\" data-settings=\"{&quot;background_background&quot;:&quot;classic&quot;}\">\n\t\t<div class=\"elementor-element elementor-element-333c31f e-con-full e-flex elementor-invisible e-con e-parent\" data-id=\"333c31f\" data-element_type=\"container\" data-settings=\"{&quot;animation&quot;:&quot;fadeInLeft&quot;,&quot;animation_tablet&quot;:&quot;fadeInLeft&quot;}\">\n\t\t\t\t<div class=\"elementor-element elementor-element-c78ca93 elementor-widget elementor-widget-image\" data-id=\"c78ca93\" data-element_type=\"widget\" data-widget_type=\"image.default\">\n\t\t\t\t<div class=\"elementor-widget-container\">\n\t\t\t\t\t\t\t\t\t\t\t\t\t\t\t<img fetchpriority=\"high\" decoding=\"async\" width=\"480\" height=\"720\" src=\"https:\/\/condutec.com.br\/wp-content\/uploads\/2023\/08\/Novo-Projeto.webp\" class=\"attachment-large size-large wp-image-1217\" alt=\"\" srcset=\"https:\/\/condutec.com.br\/wp-content\/uploads\/2023\/08\/Novo-Projeto.webp 480w, https:\/\/condutec.com.br\/wp-content\/uploads\/2023\/08\/Novo-Projeto-200x300.webp 200w\" sizes=\"(max-width: 480px) 100vw, 480px\" \/>\t\t\t\t\t\t\t\t\t\t\t\t\t\t\t<\/div>\n\t\t\t\t<\/div>\n\t\t\t\t<\/div>\n\t\t<div class=\"elementor-element elementor-element-074f57e e-con-full e-flex e-con e-parent\" data-id=\"074f57e\" data-element_type=\"container\">\n\t\t\t\t<div class=\"elementor-element elementor-element-cc6e821 elementor-widget elementor-widget-uael-infobox\" data-id=\"cc6e821\" data-element_type=\"widget\" data-widget_type=\"uael-infobox.default\">\n\t\t\t\t<div class=\"elementor-widget-container\">\n\t\t\t\t\t\n<div class=\"uael-module-content uael-infobox uael-imgicon-style-normal  uael-infobox-left  infobox-has-icon uael-infobox-icon-left  uael-infobox-image-valign-top  uael-infobox-stacked-tablet  uael-infobox-link-type-link\">\n\t<div class=\"uael-infobox-left-right-wrap\">\n\t\t\t\t\t\t\t\t<div class=\"uael-module-content uael-imgicon-wrap\">\t\t\t\t\t\t\t\t\t\t\t\n\t\t\t\t\t\t\t\t\t\t\t\t\t\t<\/div>\n\t\t\t\t\t\t<div class=\"uael-infobox-content\">\n\t\t\t\t\t\t<div class='uael-infobox-title-wrap'><h3 class=\"uael-infobox-title elementor-inline-editing\" data-elementor-setting-key=\"infobox_title\" data-elementor-inline-editing-toolbar=\"basic\" >Rail Pads and insulators<\/h3><\/div>\t\t\t\t\t\t<div class=\"uael-separator-parent\">\n\t\t\t\t<div class=\"uael-separator\"><\/div>\n\t\t\t<\/div>\n\t\t\t\t\t\t\t\t\t<div class=\"uael-infobox-text-wrap\">\n\t\t\t\t<div class=\"uael-infobox-text elementor-inline-editing\" data-elementor-setting-key=\"infobox_description\" data-elementor-inline-editing-toolbar=\"advanced\">\n\t\t\t\t\t<p class=\" translation-block\">Insulators and insoles play vital roles in rail fastenings, contributing to the efficiency, safety and longevity of rail tracks. Isolators are components designed to minimize the transfer of loads and vibrations between the rails and the surrounding infrastructure. They act as shock absorbers, reducing the transmission of impacts generated by trains to the ground. This not only improves passenger comfort and load stability, but also reduces wear and tear on the rails and support structures.<\/p>\n<p class=\" translation-block\">The rail pads, on the other hand, are inserts placed between the base of the rail and the fastening, serving to distribute the loads applied by the rail more evenly over the fastening and the supporting components. This even distribution helps to prevent rail deformation and reduce the concentration of stresses at specific points. In addition, the pads help absorb impacts and vibrations, contributing to a more durable and resilient rail track.<\/p>\t\t\t\t<\/div>\n\t\t\t\t\t\n\t\t\t\t\t\t\t<div class=\"uael-infobox-cta-link-style\">\n\t\t\t\t<a href=\"#\" class=\"uael-infobox-cta-link\"> \t\t\t\t\t\t\t\t\t\t\t\t\t<span class=\"uael-infobox-link-icon uael-infobox-link-icon-before\">\n\t\t\t\t\t\t\t\t\t\t\t\t\t\t\t\t\t<\/span>\n\t\t\t\t\t\t\t\t\t\t\t\t\t\t\t\t\t\t\t\t\t\t\t\t<span class=\"elementor-inline-editing\" data-elementor-setting-key=\"infobox_link_text\" data-elementor-inline-editing-toolbar=\"basic\"><\/span>\n\t\t\t\t\t\t\t\t\t<\/a>\n\t\t\t<\/div>\n\t\t\t\t\t\t<\/div>\n\t\t<\/div>\n\t\t\t<\/div>\n<\/div>\n\t\t\t\t<\/div>\n\t\t\t\t<\/div>\n\t\t\t\t<\/div>\n\t\t\t\t<\/div>\n\t\t\t\t<\/div>\n\t\t\t\t\t<\/div>\n\t\t\t\t<\/div>\n\t\t\t\t<\/div>","protected":false},"excerpt":{"rendered":"<p>PALMILHAS E ISOLADORES PALMILHAS E ISOLADORES Isoladores e palmilhas desempenham pap\u00e9is vitais nas fixa\u00e7\u00f5es de trilhos ferrovi\u00e1rios, contribuindo para a efici\u00eancia, seguran\u00e7a e longevidade das vias f\u00e9rreas. Os isoladores s\u00e3o componentes projetados para minimizar a transfer\u00eancia de cargas e vibra\u00e7\u00f5es entre os trilhos e a infraestrutura circundante. Eles atuam como amortecedores, reduzindo a transmiss\u00e3o de &hellip;<\/p>\n<p class=\"read-more\"> <a class=\"\" href=\"https:\/\/condutec.com.br\/en\/palmilhas-isoladores\/\"> <span class=\"screen-reader-text\">INSULATORS<\/span> Read More &raquo;<\/a><\/p>","protected":false},"author":1,"featured_media":0,"parent":0,"menu_order":0,"comment_status":"closed","ping_status":"closed","template":"","meta":{"_uag_custom_page_level_css":"","site-sidebar-layout":"no-sidebar","site-content-layout":"page-builder","ast-site-content-layout":"full-width-container","site-content-style":"unboxed","site-sidebar-style":"unboxed","ast-global-header-display":"","ast-banner-title-visibility":"","ast-main-header-display":"","ast-hfb-above-header-display":"","ast-hfb-below-header-display":"","ast-hfb-mobile-header-display":"","site-post-title":"disabled","ast-breadcrumbs-content":"","ast-featured-img":"disabled","footer-sml-layout":"","theme-transparent-header-meta":"enabled","adv-header-id-meta":"","stick-header-meta":"default","header-above-stick-meta":"","header-main-stick-meta":"","header-below-stick-meta":"","astra-migrate-meta-layouts":"set","footnotes":""},"class_list":["post-1767","page","type-page","status-publish","hentry"],"yoast_head":"<!-- This site is optimized with the Yoast SEO Premium plugin v21.0 (Yoast SEO v21.7) - https:\/\/yoast.com\/wordpress\/plugins\/seo\/ -->\n<title>Palmilhas e Isoladores - Condutec - Fixa\u00e7\u00f5es Ferrovi\u00e1rias<\/title>\n<meta name=\"description\" content=\"Como parte do conjunto de fixa\u00e7\u00f5es para trilhos ferrovi\u00e1rios, fornecemos palmilhas e isoladores para diversas aplica\u00e7\u00f5es em seus projetos.\" \/>\n<meta name=\"robots\" content=\"index, follow, max-snippet:-1, max-image-preview:large, max-video-preview:-1\" \/>\n<link rel=\"canonical\" href=\"https:\/\/condutec.com.br\/en\/palmilhas-isoladores\/\" \/>\n<meta property=\"og:locale\" content=\"en_US\" \/>\n<meta property=\"og:type\" content=\"article\" \/>\n<meta property=\"og:title\" content=\"Palmilhas e Isoladores\" \/>\n<meta property=\"og:description\" content=\"Como parte do conjunto de fixa\u00e7\u00f5es para trilhos ferrovi\u00e1rios, fornecemos palmilhas e isoladores para diversas aplica\u00e7\u00f5es em seus projetos.\" \/>\n<meta property=\"og:url\" content=\"https:\/\/condutec.com.br\/en\/palmilhas-isoladores\/\" \/>\n<meta property=\"og:site_name\" content=\"Condutec - Fixa\u00e7\u00f5es Ferrovi\u00e1rias\" \/>\n<meta property=\"article:publisher\" content=\"https:\/\/www.facebook.com\/profile.php?id=100090697994769\" \/>\n<meta property=\"article:modified_time\" content=\"2023-10-03T18:37:47+00:00\" \/>\n<meta property=\"og:image\" content=\"http:\/\/condutec.com.br\/wp-content\/uploads\/2023\/08\/Novo-Projeto.webp\" \/>\n<meta name=\"twitter:card\" content=\"summary_large_image\" \/>\n<meta name=\"twitter:label1\" content=\"Est. reading time\" \/>\n\t<meta name=\"twitter:data1\" content=\"2 minutes\" \/>\n<script type=\"application\/ld+json\" class=\"yoast-schema-graph\">{\"@context\":\"https:\/\/schema.org\",\"@graph\":[{\"@type\":\"WebPage\",\"@id\":\"https:\/\/condutec.com.br\/palmilhas-isoladores\/\",\"url\":\"https:\/\/condutec.com.br\/palmilhas-isoladores\/\",\"name\":\"Palmilhas e Isoladores - Condutec - Fixa\u00e7\u00f5es Ferrovi\u00e1rias\",\"isPartOf\":{\"@id\":\"https:\/\/condutec.com.br\/#website\"},\"datePublished\":\"2023-08-18T00:25:31+00:00\",\"dateModified\":\"2023-10-03T18:37:47+00:00\",\"description\":\"Como parte do conjunto de fixa\u00e7\u00f5es para trilhos ferrovi\u00e1rios, fornecemos palmilhas e isoladores para diversas aplica\u00e7\u00f5es em seus projetos.\",\"breadcrumb\":{\"@id\":\"https:\/\/condutec.com.br\/palmilhas-isoladores\/#breadcrumb\"},\"inLanguage\":\"en-US\",\"potentialAction\":[{\"@type\":\"ReadAction\",\"target\":[\"https:\/\/condutec.com.br\/palmilhas-isoladores\/\"]}]},{\"@type\":\"BreadcrumbList\",\"@id\":\"https:\/\/condutec.com.br\/palmilhas-isoladores\/#breadcrumb\",\"itemListElement\":[{\"@type\":\"ListItem\",\"position\":1,\"name\":\"Home\",\"item\":\"https:\/\/condutec.com.br\/\"},{\"@type\":\"ListItem\",\"position\":2,\"name\":\"Palmilhas e Isoladores\"}]},{\"@type\":\"WebSite\",\"@id\":\"https:\/\/condutec.com.br\/#website\",\"url\":\"https:\/\/condutec.com.br\/\",\"name\":\"Condutec - Fixa\u00e7\u00f5es Ferrovi\u00e1rias\",\"description\":\"H\u00e1 30 anos fornecendo solu\u00e7\u00f5es em fixa\u00e7\u00e3o no segmento ferrovi\u00e1rio.\",\"publisher\":{\"@id\":\"https:\/\/condutec.com.br\/#organization\"},\"potentialAction\":[{\"@type\":\"SearchAction\",\"target\":{\"@type\":\"EntryPoint\",\"urlTemplate\":\"https:\/\/condutec.com.br\/?s={search_term_string}\"},\"query-input\":\"required name=search_term_string\"}],\"inLanguage\":\"en-US\"},{\"@type\":\"Organization\",\"@id\":\"https:\/\/condutec.com.br\/#organization\",\"name\":\"Condutec Ind\u00fastria de Materiais Ferrovi\u00e1rios Ltda.\",\"alternateName\":\"Condutec\",\"url\":\"https:\/\/condutec.com.br\/\",\"logo\":{\"@type\":\"ImageObject\",\"inLanguage\":\"en-US\",\"@id\":\"https:\/\/condutec.com.br\/#\/schema\/logo\/image\/\",\"url\":\"https:\/\/condutec.com.br\/wp-content\/uploads\/2023\/07\/VRT-COLOR.svg\",\"contentUrl\":\"https:\/\/condutec.com.br\/wp-content\/uploads\/2023\/07\/VRT-COLOR.svg\",\"width\":145,\"height\":81,\"caption\":\"Condutec Ind\u00fastria de Materiais Ferrovi\u00e1rios Ltda.\"},\"image\":{\"@id\":\"https:\/\/condutec.com.br\/#\/schema\/logo\/image\/\"},\"sameAs\":[\"https:\/\/www.facebook.com\/profile.php?id=100090697994769\",\"https:\/\/www.instagram.com\/condutec_\/\"],\"publishingPrinciples\":\"https:\/\/condutec.com.br\/\"}]}<\/script>\n<!-- \/ Yoast SEO Premium plugin. -->","yoast_head_json":{"title":"Palmilhas e Isoladores - Condutec - Fixa\u00e7\u00f5es Ferrovi\u00e1rias","description":"Como parte do conjunto de fixa\u00e7\u00f5es para trilhos ferrovi\u00e1rios, fornecemos palmilhas e isoladores para diversas aplica\u00e7\u00f5es em seus projetos.","robots":{"index":"index","follow":"follow","max-snippet":"max-snippet:-1","max-image-preview":"max-image-preview:large","max-video-preview":"max-video-preview:-1"},"canonical":"https:\/\/condutec.com.br\/en\/palmilhas-isoladores\/","og_locale":"en_US","og_type":"article","og_title":"Palmilhas e Isoladores","og_description":"Como parte do conjunto de fixa\u00e7\u00f5es para trilhos ferrovi\u00e1rios, fornecemos palmilhas e isoladores para diversas aplica\u00e7\u00f5es em seus projetos.","og_url":"https:\/\/condutec.com.br\/en\/palmilhas-isoladores\/","og_site_name":"Condutec - Fixa\u00e7\u00f5es Ferrovi\u00e1rias","article_publisher":"https:\/\/www.facebook.com\/profile.php?id=100090697994769","article_modified_time":"2023-10-03T18:37:47+00:00","og_image":[{"url":"http:\/\/condutec.com.br\/wp-content\/uploads\/2023\/08\/Novo-Projeto.webp"}],"twitter_card":"summary_large_image","twitter_misc":{"Est. reading time":"2 minutes"},"schema":{"@context":"https:\/\/schema.org","@graph":[{"@type":"WebPage","@id":"https:\/\/condutec.com.br\/palmilhas-isoladores\/","url":"https:\/\/condutec.com.br\/palmilhas-isoladores\/","name":"Palmilhas e Isoladores - Condutec - Fixa\u00e7\u00f5es Ferrovi\u00e1rias","isPartOf":{"@id":"https:\/\/condutec.com.br\/#website"},"datePublished":"2023-08-18T00:25:31+00:00","dateModified":"2023-10-03T18:37:47+00:00","description":"Como parte do conjunto de fixa\u00e7\u00f5es para trilhos ferrovi\u00e1rios, fornecemos palmilhas e isoladores para diversas aplica\u00e7\u00f5es em seus projetos.","breadcrumb":{"@id":"https:\/\/condutec.com.br\/palmilhas-isoladores\/#breadcrumb"},"inLanguage":"en-US","potentialAction":[{"@type":"ReadAction","target":["https:\/\/condutec.com.br\/palmilhas-isoladores\/"]}]},{"@type":"BreadcrumbList","@id":"https:\/\/condutec.com.br\/palmilhas-isoladores\/#breadcrumb","itemListElement":[{"@type":"ListItem","position":1,"name":"Home","item":"https:\/\/condutec.com.br\/"},{"@type":"ListItem","position":2,"name":"Palmilhas e Isoladores"}]},{"@type":"WebSite","@id":"https:\/\/condutec.com.br\/#website","url":"https:\/\/condutec.com.br\/","name":"Condutec - Fixa\u00e7\u00f5es Ferrovi\u00e1rias","description":"H\u00e1 30 anos fornecendo solu\u00e7\u00f5es em fixa\u00e7\u00e3o no segmento ferrovi\u00e1rio.","publisher":{"@id":"https:\/\/condutec.com.br\/#organization"},"potentialAction":[{"@type":"SearchAction","target":{"@type":"EntryPoint","urlTemplate":"https:\/\/condutec.com.br\/?s={search_term_string}"},"query-input":"required name=search_term_string"}],"inLanguage":"en-US"},{"@type":"Organization","@id":"https:\/\/condutec.com.br\/#organization","name":"Condutec Ind\u00fastria de Materiais Ferrovi\u00e1rios Ltda.","alternateName":"Condutec","url":"https:\/\/condutec.com.br\/","logo":{"@type":"ImageObject","inLanguage":"en-US","@id":"https:\/\/condutec.com.br\/#\/schema\/logo\/image\/","url":"https:\/\/condutec.com.br\/wp-content\/uploads\/2023\/07\/VRT-COLOR.svg","contentUrl":"https:\/\/condutec.com.br\/wp-content\/uploads\/2023\/07\/VRT-COLOR.svg","width":145,"height":81,"caption":"Condutec Ind\u00fastria de Materiais Ferrovi\u00e1rios Ltda."},"image":{"@id":"https:\/\/condutec.com.br\/#\/schema\/logo\/image\/"},"sameAs":["https:\/\/www.facebook.com\/profile.php?id=100090697994769","https:\/\/www.instagram.com\/condutec_\/"],"publishingPrinciples":"https:\/\/condutec.com.br\/"}]}},"uagb_featured_image_src":{"full":false,"thumbnail":false,"medium":false,"medium_large":false,"large":false,"1536x1536":false,"2048x2048":false,"trp-custom-language-flag":false},"uagb_author_info":{"display_name":"designacoes","author_link":"https:\/\/condutec.com.br\/en\/author\/designacoes\/"},"uagb_comment_info":0,"uagb_excerpt":"PALMILHAS E ISOLADORES PALMILHAS E ISOLADORES Isoladores e palmilhas desempenham pap\u00e9is vitais nas fixa\u00e7\u00f5es de trilhos ferrovi\u00e1rios, contribuindo para a efici\u00eancia, seguran\u00e7a e longevidade das vias f\u00e9rreas. Os isoladores s\u00e3o componentes projetados para minimizar a transfer\u00eancia de cargas e vibra\u00e7\u00f5es entre os trilhos e a infraestrutura circundante. Eles atuam como amortecedores, reduzindo a transmiss\u00e3o de&hellip;","_links":{"self":[{"href":"https:\/\/condutec.com.br\/en\/wp-json\/wp\/v2\/pages\/1767","targetHints":{"allow":["GET"]}}],"collection":[{"href":"https:\/\/condutec.com.br\/en\/wp-json\/wp\/v2\/pages"}],"about":[{"href":"https:\/\/condutec.com.br\/en\/wp-json\/wp\/v2\/types\/page"}],"author":[{"embeddable":true,"href":"https:\/\/condutec.com.br\/en\/wp-json\/wp\/v2\/users\/1"}],"replies":[{"embeddable":true,"href":"https:\/\/condutec.com.br\/en\/wp-json\/wp\/v2\/comments?post=1767"}],"version-history":[{"count":26,"href":"https:\/\/condutec.com.br\/en\/wp-json\/wp\/v2\/pages\/1767\/revisions"}],"predecessor-version":[{"id":3102,"href":"https:\/\/condutec.com.br\/en\/wp-json\/wp\/v2\/pages\/1767\/revisions\/3102"}],"wp:attachment":[{"href":"https:\/\/condutec.com.br\/en\/wp-json\/wp\/v2\/media?parent=1767"}],"curies":[{"name":"wp","href":"https:\/\/api.w.org\/{rel}","templated":true}]}}