{"id":1769,"date":"2023-08-17T21:30:37","date_gmt":"2023-08-18T00:30:37","guid":{"rendered":"https:\/\/condutec.com.br\/?page_id=1769"},"modified":"2025-10-13T11:18:41","modified_gmt":"2025-10-13T14:18:41","slug":"talas-de-juncao","status":"publish","type":"page","link":"https:\/\/condutec.com.br\/en\/talas-de-juncao\/","title":{"rendered":"JOINT BARS"},"content":{"rendered":"<div data-elementor-type=\"wp-post\" data-elementor-id=\"1769\" class=\"elementor elementor-1769\" data-elementor-post-type=\"page\">\n\t\t\t\t<div class=\"elementor-element elementor-element-6f3ffd0 e-con-full e-flex e-con e-parent\" data-id=\"6f3ffd0\" data-element_type=\"container\" data-settings=\"{&quot;background_background&quot;:&quot;classic&quot;}\">\n\t\t\t\t<div class=\"elementor-element elementor-element-edf1944 elementor-widget__width-initial elementor-widget elementor-widget-heading\" data-id=\"edf1944\" data-element_type=\"widget\" data-settings=\"{&quot;motion_fx_motion_fx_scrolling&quot;:&quot;yes&quot;,&quot;motion_fx_blur_effect&quot;:&quot;yes&quot;,&quot;motion_fx_blur_direction&quot;:&quot;out-in-out&quot;,&quot;motion_fx_blur_level&quot;:{&quot;unit&quot;:&quot;px&quot;,&quot;size&quot;:8,&quot;sizes&quot;:[]},&quot;motion_fx_blur_range&quot;:{&quot;unit&quot;:&quot;%&quot;,&quot;size&quot;:&quot;&quot;,&quot;sizes&quot;:{&quot;start&quot;:21,&quot;end&quot;:65}},&quot;motion_fx_devices&quot;:[&quot;desktop&quot;,&quot;tablet&quot;,&quot;mobile&quot;]}\" data-widget_type=\"heading.default\">\n\t\t\t\t<div class=\"elementor-widget-container\">\n\t\t\t\t\t<h2 class=\"elementor-heading-title elementor-size-default\">TALAS DE JUN\u00c7\u00c3O E JIC<\/h2>\t\t\t\t<\/div>\n\t\t\t\t<\/div>\n\t\t\t\t<\/div>\n\t\t<div class=\"elementor-element elementor-element-3d60d3b e-flex e-con-boxed e-con e-parent\" data-id=\"3d60d3b\" data-element_type=\"container\" data-settings=\"{&quot;background_background&quot;:&quot;classic&quot;}\">\n\t\t\t\t\t<div class=\"e-con-inner\">\n\t\t<div class=\"elementor-element elementor-element-a6f4a97 e-con-full e-flex e-con e-child\" data-id=\"a6f4a97\" data-element_type=\"container\">\n\t\t<div class=\"elementor-element elementor-element-6e0ed9e e-con-full e-flex e-con e-child\" data-id=\"6e0ed9e\" data-element_type=\"container\" data-settings=\"{&quot;background_background&quot;:&quot;classic&quot;}\">\n\t\t<div class=\"elementor-element elementor-element-333c31f e-con-full e-flex elementor-invisible e-con e-child\" data-id=\"333c31f\" data-element_type=\"container\" data-settings=\"{&quot;animation&quot;:&quot;fadeInLeft&quot;,&quot;animation_tablet&quot;:&quot;fadeInLeft&quot;}\">\n\t\t\t\t<div class=\"elementor-element elementor-element-c78ca93 elementor-widget elementor-widget-image\" data-id=\"c78ca93\" data-element_type=\"widget\" data-widget_type=\"image.default\">\n\t\t\t\t<div class=\"elementor-widget-container\">\n\t\t\t\t\t\t\t\t\t\t\t\t\t\t\t<img fetchpriority=\"high\" decoding=\"async\" width=\"500\" height=\"500\" src=\"https:\/\/condutec.com.br\/wp-content\/uploads\/2023\/08\/Tala-de-Juncao-Lisa-de-06-Furos.webp\" class=\"attachment-large size-large wp-image-2836\" alt=\"Talas de Jun\u00e7\u00e3o para trilhos\" srcset=\"https:\/\/condutec.com.br\/wp-content\/uploads\/2023\/08\/Tala-de-Juncao-Lisa-de-06-Furos.webp 500w, https:\/\/condutec.com.br\/wp-content\/uploads\/2023\/08\/Tala-de-Juncao-Lisa-de-06-Furos-300x300.webp 300w, https:\/\/condutec.com.br\/wp-content\/uploads\/2023\/08\/Tala-de-Juncao-Lisa-de-06-Furos-150x150.webp 150w\" sizes=\"(max-width: 500px) 100vw, 500px\" \/>\t\t\t\t\t\t\t\t\t\t\t\t\t\t\t<\/div>\n\t\t\t\t<\/div>\n\t\t\t\t<\/div>\n\t\t<div class=\"elementor-element elementor-element-074f57e e-con-full e-flex e-con e-child\" data-id=\"074f57e\" data-element_type=\"container\">\n\t\t\t\t<div class=\"elementor-element elementor-element-cc6e821 elementor-widget elementor-widget-uael-infobox\" data-id=\"cc6e821\" data-element_type=\"widget\" data-widget_type=\"uael-infobox.default\">\n\t\t\t\t<div class=\"elementor-widget-container\">\n\t\t\t\t\t\n<div class=\"uael-module-content uael-infobox uael-imgicon-style-normal  uael-infobox-left  infobox-has-icon uael-infobox-icon-left  uael-infobox-image-valign-top  uael-infobox-stacked-tablet  uael-infobox-link-type-link\">\n\t<div class=\"uael-infobox-left-right-wrap\">\n\t\t\t\t\t\t\t\t<div class=\"uael-module-content uael-imgicon-wrap\">\t\t\t\t\t\t\t\t\t\t\t\n\t\t\t\t\t\t\t\t\t\t\t\t\t\t<\/div>\n\t\t\t\t\t\t<div class=\"uael-infobox-content\">\n\t\t\t\t\t\t<div class='uael-infobox-title-wrap'><h3 class=\"uael-infobox-title elementor-inline-editing\" data-elementor-setting-key=\"infobox_title\" data-elementor-inline-editing-toolbar=\"basic\" >JOINT BARS<\/h3><\/div>\t\t\t\t\t\t<div class=\"uael-separator-parent\">\n\t\t\t\t<div class=\"uael-separator\"><\/div>\n\t\t\t<\/div>\n\t\t\t\t\t\t\t\t\t<div class=\"uael-infobox-text-wrap\">\n\t\t\t\t<div class=\"uael-infobox-text elementor-inline-editing\" data-elementor-setting-key=\"infobox_description\" data-elementor-inline-editing-toolbar=\"advanced\">\n\t\t\t\t\tThe rail joint splice is a fundamental component in the smooth and continuous connection between train tracks. Usually rectangular in shape, it is positioned between the rails to ensure alignment and stability. Made of resistant materials such as steel or special alloys, the splice is designed to withstand the load forces of the trains as well as the pressure of the wheels, providing structural integrity to the rail track. Its function is to prevent misalignment, reduce the impact of temperature variations and minimize vibrations, contributing to a safe and smooth journey for passengers and cargo.\n\n\n\n\n\t\t\t\t<\/div>\n\t\t\t\t\t\n\t\t\t\t\t\t\t<div class=\"uael-infobox-cta-link-style\">\n\t\t\t\t<a href=\"#\" class=\"uael-infobox-cta-link\"> \t\t\t\t\t\t\t\t\t\t\t\t\t<span class=\"uael-infobox-link-icon uael-infobox-link-icon-before\">\n\t\t\t\t\t\t\t\t\t\t\t\t\t\t\t\t\t<\/span>\n\t\t\t\t\t\t\t\t\t\t\t\t\t\t\t\t\t\t\t\t\t\t\t\t<span class=\"elementor-inline-editing\" data-elementor-setting-key=\"infobox_link_text\" data-elementor-inline-editing-toolbar=\"basic\"><\/span>\n\t\t\t\t\t\t\t\t\t<\/a>\n\t\t\t<\/div>\n\t\t\t\t\t\t<\/div>\n\t\t<\/div>\n\t\t\t<\/div>\n<\/div>\n\t\t\t\t<\/div>\n\t\t\t\t<\/div>\n\t\t\t\t<\/div>\n\t\t\t\t<\/div>\n\t\t\t\t<\/div>\n\t\t\t\t\t<\/div>\n\t\t\t\t<\/div>\n\t\t<div class=\"elementor-element elementor-element-e24b67e e-flex e-con-boxed e-con e-parent\" data-id=\"e24b67e\" data-element_type=\"container\" data-settings=\"{&quot;background_background&quot;:&quot;classic&quot;}\">\n\t\t\t\t\t<div class=\"e-con-inner\">\n\t\t<div class=\"elementor-element elementor-element-5f32507 e-con-full e-flex elementor-invisible e-con e-child\" data-id=\"5f32507\" data-element_type=\"container\" data-settings=\"{&quot;animation&quot;:&quot;slideInUp&quot;}\">\n\t\t\t\t<div class=\"elementor-element elementor-element-39099b0 elementor-widget elementor-widget-image\" data-id=\"39099b0\" data-element_type=\"widget\" data-widget_type=\"image.default\">\n\t\t\t\t<div class=\"elementor-widget-container\">\n\t\t\t\t\t\t\t\t\t\t\t\t\t\t\t<img decoding=\"async\" width=\"1080\" height=\"810\" src=\"https:\/\/condutec.com.br\/wp-content\/uploads\/2023\/08\/JIC.webp\" class=\"attachment-full size-full wp-image-2834\" alt=\"Junta isolada colada\" srcset=\"https:\/\/condutec.com.br\/wp-content\/uploads\/2023\/08\/JIC.webp 1080w, https:\/\/condutec.com.br\/wp-content\/uploads\/2023\/08\/JIC-300x225.webp 300w, https:\/\/condutec.com.br\/wp-content\/uploads\/2023\/08\/JIC-1024x768.webp 1024w, https:\/\/condutec.com.br\/wp-content\/uploads\/2023\/08\/JIC-768x576.webp 768w\" sizes=\"(max-width: 1080px) 100vw, 1080px\" \/>\t\t\t\t\t\t\t\t\t\t\t\t\t\t\t<\/div>\n\t\t\t\t<\/div>\n\t\t\t\t<\/div>\n\t\t<div class=\"elementor-element elementor-element-1c8ef2a e-con-full e-flex e-con e-child\" data-id=\"1c8ef2a\" data-element_type=\"container\">\n\t\t\t\t<div class=\"elementor-element elementor-element-3547576 elementor-widget elementor-widget-uael-infobox\" data-id=\"3547576\" data-element_type=\"widget\" data-widget_type=\"uael-infobox.default\">\n\t\t\t\t<div class=\"elementor-widget-container\">\n\t\t\t\t\t\n<div class=\"uael-module-content uael-infobox uael-imgicon-style-normal  uael-infobox-left  infobox-has-icon uael-infobox-icon-left  uael-infobox-image-valign-top  uael-infobox-stacked-tablet  uael-infobox-link-type-link\">\n\t<div class=\"uael-infobox-left-right-wrap\">\n\t\t\t\t\t\t\t\t<div class=\"uael-module-content uael-imgicon-wrap\">\t\t\t\t\t\t\t\t\t\t\t\n\t\t\t\t\t\t\t\t\t\t\t\t\t\t<\/div>\n\t\t\t\t\t\t<div class=\"uael-infobox-content\">\n\t\t\t\t\t\t<div class='uael-infobox-title-wrap'><h3 class=\"uael-infobox-title elementor-inline-editing\" data-elementor-setting-key=\"infobox_title\" data-elementor-inline-editing-toolbar=\"basic\" >Insulated Rail Joint<\/h3><\/div>\t\t\t\t\t\t<div class=\"uael-separator-parent\">\n\t\t\t\t<div class=\"uael-separator\"><\/div>\n\t\t\t<\/div>\n\t\t\t\t\t\t\t\t\t<div class=\"uael-infobox-text-wrap\">\n\t\t\t\t<div class=\"uael-infobox-text elementor-inline-editing\" data-elementor-setting-key=\"infobox_description\" data-elementor-inline-editing-toolbar=\"advanced\">\n\t\t\t\t\t\nAn insulated rail joint is a crucial component within the infrastructure of rail transportation systems. It plays a key role in the connectivity between train tracks, allowing trains to travel on a smooth and continuous track, even when they encounter changes in direction, temperature variations and other adverse conditions. This insulated joint is designed to provide a seamless transition between tracks, avoiding jolts, shaking and misalignment that could affect safety, passenger comfort and the integrity of railway equipment. It is called \" insulated\" because it is constructed in such a way as to minimize the transfer of loads between the rails, reducing the impact of stresses and vibrations transmitted along the track.\n\t\t\t\t<\/div>\n\t\t\t\t\t\n\t\t\t\t\t\t\t<div class=\"uael-infobox-cta-link-style\">\n\t\t\t\t<a href=\"http:\/\/condutec.com.br\/wp-content\/uploads\/2025\/10\/ET-JIC-Junta-Isolada-Colada_compressed.pdf\" target=\"_blank\" class=\"uael-infobox-cta-link\"> \t\t\t\t\t\t\t\t\t\t\t\t\t<span class=\"uael-infobox-link-icon uael-infobox-link-icon-before\">\n\t\t\t\t\t\t\t\t\t<i aria-hidden=\"true\" class=\"fas fa-download\"><\/i>\t\t\t\t\t\t\t\t<\/span>\n\t\t\t\t\t\t\t\t\t\t\t\t\t\t\t\t\t\t\t\t\t\t\t\t<span class=\"elementor-inline-editing\" data-elementor-setting-key=\"infobox_link_text\" data-elementor-inline-editing-toolbar=\"basic\">Technical Specification<\/span>\n\t\t\t\t\t\t\t\t\t<\/a>\n\t\t\t<\/div>\n\t\t\t\t\t\t<\/div>\n\t\t<\/div>\n\t\t\t<\/div>\n<\/div>\n\t\t\t\t<\/div>\n\t\t\t\t<\/div>\n\t\t\t\t<\/div>\n\t\t\t\t\t<\/div>\n\t\t\t\t<\/div>\n\t\t<div class=\"elementor-element elementor-element-42899b3 e-flex e-con-boxed e-con e-parent\" data-id=\"42899b3\" data-element_type=\"container\" data-settings=\"{&quot;background_background&quot;:&quot;gradient&quot;}\">\n\t\t\t\t\t<div class=\"e-con-inner\">\n\t\t<div class=\"elementor-element elementor-element-7682bfe e-con-full e-flex e-con e-child\" data-id=\"7682bfe\" data-element_type=\"container\">\n\t\t<div class=\"elementor-element elementor-element-3cca7b6 e-con-full e-flex e-con e-child\" data-id=\"3cca7b6\" data-element_type=\"container\">\n\t\t<div class=\"elementor-element elementor-element-5d80d82 e-con-full e-flex e-con e-child\" data-id=\"5d80d82\" data-element_type=\"container\" data-settings=\"{&quot;background_background&quot;:&quot;classic&quot;}\">\n\t\t\t\t<div class=\"elementor-element elementor-element-2e3f689 elementor-widget elementor-widget-uael-infobox\" data-id=\"2e3f689\" data-element_type=\"widget\" data-widget_type=\"uael-infobox.default\">\n\t\t\t\t<div class=\"elementor-widget-container\">\n\t\t\t\t\t\n<div class=\"uael-module-content uael-infobox uael-imgicon-style-normal  uael-infobox-left  infobox-has-photo uael-infobox-photo-left  uael-infobox-image-valign-top  uael-infobox-stacked-tablet  uael-infobox-link-type-button\">\n\t<div class=\"uael-infobox-left-right-wrap\">\n\t\t\t\t\t\t\t\t<div class=\"uael-module-content uael-imgicon-wrap\">\t\t\t\t\t\t\t\t\t\t\t\n\t\t\t\t\t\t\t\t\t\t\t\t\t\t\t\t<div class=\"uael-image\" itemscope itemtype=\"http:\/\/schema.org\/ImageObject\">\n\t\t\t\t\t\t\t<div class=\"uael-image-content elementor-animation-\">\n\t\t\t\t\t\t\t\t<img decoding=\"async\" src=\"https:\/\/condutec.com.br\/wp-content\/uploads\/2018\/07\/icon15-free-img.png\" title=\"\" alt=\"\" loading=\"lazy\" \/>\t\t\t\t\t\t\t<\/div>\n\t\t\t\t\t\t<\/div>\n\n\t\t\t\t\t\t\t\t\t<\/div>\n\t\t\t\t\t\t<div class=\"uael-infobox-content\">\n\t\t\t\t\t\t<div class='uael-infobox-title-wrap'><h4 class=\"uael-infobox-title-prefix elementor-inline-editing\" data-elementor-setting-key=\"infobox_title_prefix\" data-elementor-inline-editing-toolbar=\"basic\" >Our product catalog<\/h4><\/div>\t\t\t\t\t\t\t\t\t<div class=\"uael-infobox-text-wrap\">\n\t\t\t\t<div class=\"uael-infobox-text elementor-inline-editing\" data-elementor-setting-key=\"infobox_description\" data-elementor-inline-editing-toolbar=\"advanced\">\n\t\t\t\t\t<p>Have our portfolio on your device or computer so you can access it whenever you want.<\/p>\t\t\t\t<\/div>\n\t\t\t\t\t\n\t\t\t\t\t\t\t<div class=\"uael-button-wrapper elementor-button-wrapper\">\n\t\t\t\t<a href=\"http:\/\/condutec.com.br\/wp-content\/uploads\/2023\/10\/catalogo_condutec_2017.pdf\" target=\"_blank\" class=\"elementor-button-link  elementor-button elementor-size-sm\">\n\t\t\t\t\t\t\t<span class=\"elementor-button-content-wrapper\">\n\t\t\t\t\t\t\t\t\t\t\t\t\t\t\t\t<span class=\"elementor-align-icon-right elementor-button-icon\">\n\t\t\t\t\t\t<i aria-hidden=\"true\" class=\"fas fa-angle-right\"><\/i>\t\t\t\t\t<\/span>\n\t\t\t\t\t\t\t\n\t\t\t<span class=\"elementor-button-text elementor-inline-editing\"  data-elementor-setting-key=\"infobox_button_text\" data-elementor-inline-editing-toolbar=\"none\">Download <\/span>\n\t\t<\/span>\n\t\t\t\t\t\t<\/a>\n\t\t\t<\/div>\n\t\t\t\t\t\t<\/div>\n\t\t<\/div>\n\t\t\t<\/div>\n<\/div>\n\t\t\t\t<\/div>\n\t\t\t\t<\/div>\n\t\t\t\t<\/div>\n\t\t<div class=\"elementor-element elementor-element-824ac62 e-con-full e-flex e-con e-child\" data-id=\"824ac62\" data-element_type=\"container\">\n\t\t\t\t<div class=\"elementor-element elementor-element-301a9e1 elementor-widget elementor-widget-uael-infobox\" data-id=\"301a9e1\" data-element_type=\"widget\" data-widget_type=\"uael-infobox.default\">\n\t\t\t\t<div class=\"elementor-widget-container\">\n\t\t\t\t\t\n<div class=\"uael-module-content uael-infobox uael-imgicon-style-normal  uael-infobox-  infobox-has-icon uael-infobox-icon-above-title  uael-infobox-link-type-none\">\n\t<div class=\"uael-infobox-left-right-wrap\">\n\t\t\t\t\t\t<div class=\"uael-infobox-content\">\n\t\t\t\t\t\t\t<div class=\"uael-module-content uael-imgicon-wrap\">\t\t\t\t\t\t\t\t\t\t\t\t\t\t\t\t\t\t<div class=\"uael-icon-wrap elementor-animation-\">\n\t\t\t\t\t\t\t\t<span class=\"uael-icon\">\n\t\t\t\t\t\t\t\t\t<i aria-hidden=\"true\" class=\"far fa-calendar-check\"><\/i>\t\t\t\t\t\t\t\t<\/span>\n\t\t\t\t\t\t\t<\/div>\n\t\t\t\t\t\t\t\n\t\t\t\t\t\t\t\t\t\t\t\t\t\t<\/div>\n\t\t\t\t\t\t\t<div class='uael-infobox-title-wrap'><h4 class=\"uael-infobox-title elementor-inline-editing\" data-elementor-setting-key=\"infobox_title\" data-elementor-inline-editing-toolbar=\"basic\" >Visit Us<\/h4><\/div>\t\t\t\t\t\t<div class=\"uael-separator-parent\">\n\t\t\t\t<div class=\"uael-separator\"><\/div>\n\t\t\t<\/div>\n\t\t\t\t\t\t\t\t\t<div class=\"uael-infobox-text-wrap\">\n\t\t\t\t<div class=\"uael-infobox-text elementor-inline-editing\" data-elementor-setting-key=\"infobox_description\" data-elementor-inline-editing-toolbar=\"advanced\">\n\t\t\t\t\tIt is always a pleasure for us to welcome our clients and business partners.\t\t\t\t<\/div>\n\t\t\t\t\t\n\t\t\t\t\t\t\t<\/div>\n\t\t<\/div>\n\t\t\t<\/div>\n<\/div>\n\t\t\t\t<\/div>\n\t\t\t\t<\/div>\n\t\t\t\t<\/div>\n\t\t\t\t<\/div>\n\t\t\t\t<\/div>\n\t\t\t\t\t<\/div>\n\t\t\t\t<\/div>\n\t\t\t\t<\/div>","protected":false},"excerpt":{"rendered":"<p>TALAS DE JUN\u00c7\u00c3O E JIC TALAS DE JUN\u00c7\u00c3O A tala de jun\u00e7\u00e3o ferrovi\u00e1ria \u00e9 um componente fundamental na conex\u00e3o suave e cont\u00ednua entre trilhos de trem. Geralmente em forma retangular, \u00e9 posicionada entre os trilhos para garantir alinhamento e estabilidade. Feita de materiais resistentes, como a\u00e7o ou ligas especiais, a tala de jun\u00e7\u00e3o \u00e9 projetada &hellip;<\/p>\n<p class=\"read-more\"> <a class=\"\" href=\"https:\/\/condutec.com.br\/en\/talas-de-juncao\/\"> <span class=\"screen-reader-text\">JOINT BARS<\/span> Read More &raquo;<\/a><\/p>","protected":false},"author":1,"featured_media":0,"parent":0,"menu_order":0,"comment_status":"closed","ping_status":"closed","template":"","meta":{"_uag_custom_page_level_css":"","site-sidebar-layout":"no-sidebar","site-content-layout":"page-builder","ast-site-content-layout":"full-width-container","site-content-style":"unboxed","site-sidebar-style":"unboxed","ast-global-header-display":"","ast-banner-title-visibility":"","ast-main-header-display":"","ast-hfb-above-header-display":"","ast-hfb-below-header-display":"","ast-hfb-mobile-header-display":"","site-post-title":"disabled","ast-breadcrumbs-content":"","ast-featured-img":"disabled","footer-sml-layout":"","theme-transparent-header-meta":"enabled","adv-header-id-meta":"","stick-header-meta":"default","header-above-stick-meta":"","header-main-stick-meta":"","header-below-stick-meta":"","astra-migrate-meta-layouts":"set","footnotes":""},"class_list":["post-1769","page","type-page","status-publish","hentry"],"yoast_head":"<!-- This site is optimized with the Yoast SEO Premium plugin v21.0 (Yoast SEO v21.7) - https:\/\/yoast.com\/wordpress\/plugins\/seo\/ -->\n<title>Talas de Jun\u00e7\u00e3o - Condutec - Fixa\u00e7\u00f5es Ferrovi\u00e1rias<\/title>\n<meta name=\"description\" content=\"Aqui voc\u00ea encontrar\u00e1 uma variedade de modelos de talas de jun\u00e7\u00e3o lisas e angulares com seis e quatro furos para todos os trilhos do Brasil.\" \/>\n<meta name=\"robots\" content=\"index, follow, max-snippet:-1, max-image-preview:large, max-video-preview:-1\" \/>\n<link rel=\"canonical\" href=\"https:\/\/condutec.com.br\/en\/talas-de-juncao\/\" \/>\n<meta property=\"og:locale\" content=\"en_US\" \/>\n<meta property=\"og:type\" content=\"article\" \/>\n<meta property=\"og:title\" content=\"Talas de Jun\u00e7\u00e3o\" \/>\n<meta property=\"og:description\" content=\"Aqui voc\u00ea encontrar\u00e1 uma variedade de modelos de talas de jun\u00e7\u00e3o lisas e angulares com seis e quatro furos para todos os trilhos do Brasil.\" \/>\n<meta property=\"og:url\" content=\"https:\/\/condutec.com.br\/en\/talas-de-juncao\/\" \/>\n<meta property=\"og:site_name\" content=\"Condutec - Fixa\u00e7\u00f5es Ferrovi\u00e1rias\" \/>\n<meta property=\"article:publisher\" content=\"https:\/\/www.facebook.com\/profile.php?id=100090697994769\" \/>\n<meta property=\"article:modified_time\" content=\"2025-10-13T14:18:41+00:00\" \/>\n<meta property=\"og:image\" content=\"http:\/\/condutec.com.br\/wp-content\/uploads\/2023\/08\/Tala-de-Juncao-Lisa-de-06-Furos.webp\" \/>\n<meta name=\"twitter:card\" content=\"summary_large_image\" \/>\n<meta name=\"twitter:label1\" content=\"Est. reading time\" \/>\n\t<meta name=\"twitter:data1\" content=\"3 minutes\" \/>\n<script type=\"application\/ld+json\" class=\"yoast-schema-graph\">{\"@context\":\"https:\/\/schema.org\",\"@graph\":[{\"@type\":\"WebPage\",\"@id\":\"https:\/\/condutec.com.br\/talas-de-juncao\/\",\"url\":\"https:\/\/condutec.com.br\/talas-de-juncao\/\",\"name\":\"Talas de Jun\u00e7\u00e3o - Condutec - Fixa\u00e7\u00f5es Ferrovi\u00e1rias\",\"isPartOf\":{\"@id\":\"https:\/\/condutec.com.br\/#website\"},\"datePublished\":\"2023-08-18T00:30:37+00:00\",\"dateModified\":\"2025-10-13T14:18:41+00:00\",\"description\":\"Aqui voc\u00ea encontrar\u00e1 uma variedade de modelos de talas de jun\u00e7\u00e3o lisas e angulares com seis e quatro furos para todos os trilhos do Brasil.\",\"breadcrumb\":{\"@id\":\"https:\/\/condutec.com.br\/talas-de-juncao\/#breadcrumb\"},\"inLanguage\":\"en-US\",\"potentialAction\":[{\"@type\":\"ReadAction\",\"target\":[\"https:\/\/condutec.com.br\/talas-de-juncao\/\"]}]},{\"@type\":\"BreadcrumbList\",\"@id\":\"https:\/\/condutec.com.br\/talas-de-juncao\/#breadcrumb\",\"itemListElement\":[{\"@type\":\"ListItem\",\"position\":1,\"name\":\"Home\",\"item\":\"https:\/\/condutec.com.br\/\"},{\"@type\":\"ListItem\",\"position\":2,\"name\":\"Talas de Jun\u00e7\u00e3o\"}]},{\"@type\":\"WebSite\",\"@id\":\"https:\/\/condutec.com.br\/#website\",\"url\":\"https:\/\/condutec.com.br\/\",\"name\":\"Condutec - Fixa\u00e7\u00f5es Ferrovi\u00e1rias\",\"description\":\"H\u00e1 30 anos fornecendo solu\u00e7\u00f5es em fixa\u00e7\u00e3o no segmento ferrovi\u00e1rio.\",\"publisher\":{\"@id\":\"https:\/\/condutec.com.br\/#organization\"},\"potentialAction\":[{\"@type\":\"SearchAction\",\"target\":{\"@type\":\"EntryPoint\",\"urlTemplate\":\"https:\/\/condutec.com.br\/?s={search_term_string}\"},\"query-input\":\"required name=search_term_string\"}],\"inLanguage\":\"en-US\"},{\"@type\":\"Organization\",\"@id\":\"https:\/\/condutec.com.br\/#organization\",\"name\":\"Condutec Ind\u00fastria de Materiais Ferrovi\u00e1rios Ltda.\",\"alternateName\":\"Condutec\",\"url\":\"https:\/\/condutec.com.br\/\",\"logo\":{\"@type\":\"ImageObject\",\"inLanguage\":\"en-US\",\"@id\":\"https:\/\/condutec.com.br\/#\/schema\/logo\/image\/\",\"url\":\"https:\/\/condutec.com.br\/wp-content\/uploads\/2023\/07\/VRT-COLOR.svg\",\"contentUrl\":\"https:\/\/condutec.com.br\/wp-content\/uploads\/2023\/07\/VRT-COLOR.svg\",\"width\":145,\"height\":81,\"caption\":\"Condutec Ind\u00fastria de Materiais Ferrovi\u00e1rios Ltda.\"},\"image\":{\"@id\":\"https:\/\/condutec.com.br\/#\/schema\/logo\/image\/\"},\"sameAs\":[\"https:\/\/www.facebook.com\/profile.php?id=100090697994769\",\"https:\/\/www.instagram.com\/condutec_\/\"],\"publishingPrinciples\":\"https:\/\/condutec.com.br\/\"}]}<\/script>\n<!-- \/ Yoast SEO Premium plugin. -->","yoast_head_json":{"title":"Talas de Jun\u00e7\u00e3o - Condutec - Fixa\u00e7\u00f5es Ferrovi\u00e1rias","description":"Aqui voc\u00ea encontrar\u00e1 uma variedade de modelos de talas de jun\u00e7\u00e3o lisas e angulares com seis e quatro furos para todos os trilhos do Brasil.","robots":{"index":"index","follow":"follow","max-snippet":"max-snippet:-1","max-image-preview":"max-image-preview:large","max-video-preview":"max-video-preview:-1"},"canonical":"https:\/\/condutec.com.br\/en\/talas-de-juncao\/","og_locale":"en_US","og_type":"article","og_title":"Talas de Jun\u00e7\u00e3o","og_description":"Aqui voc\u00ea encontrar\u00e1 uma variedade de modelos de talas de jun\u00e7\u00e3o lisas e angulares com seis e quatro furos para todos os trilhos do Brasil.","og_url":"https:\/\/condutec.com.br\/en\/talas-de-juncao\/","og_site_name":"Condutec - Fixa\u00e7\u00f5es Ferrovi\u00e1rias","article_publisher":"https:\/\/www.facebook.com\/profile.php?id=100090697994769","article_modified_time":"2025-10-13T14:18:41+00:00","og_image":[{"url":"http:\/\/condutec.com.br\/wp-content\/uploads\/2023\/08\/Tala-de-Juncao-Lisa-de-06-Furos.webp"}],"twitter_card":"summary_large_image","twitter_misc":{"Est. reading time":"3 minutes"},"schema":{"@context":"https:\/\/schema.org","@graph":[{"@type":"WebPage","@id":"https:\/\/condutec.com.br\/talas-de-juncao\/","url":"https:\/\/condutec.com.br\/talas-de-juncao\/","name":"Talas de Jun\u00e7\u00e3o - Condutec - Fixa\u00e7\u00f5es Ferrovi\u00e1rias","isPartOf":{"@id":"https:\/\/condutec.com.br\/#website"},"datePublished":"2023-08-18T00:30:37+00:00","dateModified":"2025-10-13T14:18:41+00:00","description":"Aqui voc\u00ea encontrar\u00e1 uma variedade de modelos de talas de jun\u00e7\u00e3o lisas e angulares com seis e quatro furos para todos os trilhos do Brasil.","breadcrumb":{"@id":"https:\/\/condutec.com.br\/talas-de-juncao\/#breadcrumb"},"inLanguage":"en-US","potentialAction":[{"@type":"ReadAction","target":["https:\/\/condutec.com.br\/talas-de-juncao\/"]}]},{"@type":"BreadcrumbList","@id":"https:\/\/condutec.com.br\/talas-de-juncao\/#breadcrumb","itemListElement":[{"@type":"ListItem","position":1,"name":"Home","item":"https:\/\/condutec.com.br\/"},{"@type":"ListItem","position":2,"name":"Talas de Jun\u00e7\u00e3o"}]},{"@type":"WebSite","@id":"https:\/\/condutec.com.br\/#website","url":"https:\/\/condutec.com.br\/","name":"Condutec - Fixa\u00e7\u00f5es Ferrovi\u00e1rias","description":"H\u00e1 30 anos fornecendo solu\u00e7\u00f5es em fixa\u00e7\u00e3o no segmento ferrovi\u00e1rio.","publisher":{"@id":"https:\/\/condutec.com.br\/#organization"},"potentialAction":[{"@type":"SearchAction","target":{"@type":"EntryPoint","urlTemplate":"https:\/\/condutec.com.br\/?s={search_term_string}"},"query-input":"required name=search_term_string"}],"inLanguage":"en-US"},{"@type":"Organization","@id":"https:\/\/condutec.com.br\/#organization","name":"Condutec Ind\u00fastria de Materiais Ferrovi\u00e1rios Ltda.","alternateName":"Condutec","url":"https:\/\/condutec.com.br\/","logo":{"@type":"ImageObject","inLanguage":"en-US","@id":"https:\/\/condutec.com.br\/#\/schema\/logo\/image\/","url":"https:\/\/condutec.com.br\/wp-content\/uploads\/2023\/07\/VRT-COLOR.svg","contentUrl":"https:\/\/condutec.com.br\/wp-content\/uploads\/2023\/07\/VRT-COLOR.svg","width":145,"height":81,"caption":"Condutec Ind\u00fastria de Materiais Ferrovi\u00e1rios Ltda."},"image":{"@id":"https:\/\/condutec.com.br\/#\/schema\/logo\/image\/"},"sameAs":["https:\/\/www.facebook.com\/profile.php?id=100090697994769","https:\/\/www.instagram.com\/condutec_\/"],"publishingPrinciples":"https:\/\/condutec.com.br\/"}]}},"uagb_featured_image_src":{"full":false,"thumbnail":false,"medium":false,"medium_large":false,"large":false,"1536x1536":false,"2048x2048":false,"trp-custom-language-flag":false},"uagb_author_info":{"display_name":"designacoes","author_link":"https:\/\/condutec.com.br\/en\/author\/designacoes\/"},"uagb_comment_info":0,"uagb_excerpt":"TALAS DE JUN\u00c7\u00c3O E JIC TALAS DE JUN\u00c7\u00c3O A tala de jun\u00e7\u00e3o ferrovi\u00e1ria \u00e9 um componente fundamental na conex\u00e3o suave e cont\u00ednua entre trilhos de trem. Geralmente em forma retangular, \u00e9 posicionada entre os trilhos para garantir alinhamento e estabilidade. Feita de materiais resistentes, como a\u00e7o ou ligas especiais, a tala de jun\u00e7\u00e3o \u00e9 projetada&hellip;","_links":{"self":[{"href":"https:\/\/condutec.com.br\/en\/wp-json\/wp\/v2\/pages\/1769","targetHints":{"allow":["GET"]}}],"collection":[{"href":"https:\/\/condutec.com.br\/en\/wp-json\/wp\/v2\/pages"}],"about":[{"href":"https:\/\/condutec.com.br\/en\/wp-json\/wp\/v2\/types\/page"}],"author":[{"embeddable":true,"href":"https:\/\/condutec.com.br\/en\/wp-json\/wp\/v2\/users\/1"}],"replies":[{"embeddable":true,"href":"https:\/\/condutec.com.br\/en\/wp-json\/wp\/v2\/comments?post=1769"}],"version-history":[{"count":38,"href":"https:\/\/condutec.com.br\/en\/wp-json\/wp\/v2\/pages\/1769\/revisions"}],"predecessor-version":[{"id":3354,"href":"https:\/\/condutec.com.br\/en\/wp-json\/wp\/v2\/pages\/1769\/revisions\/3354"}],"wp:attachment":[{"href":"https:\/\/condutec.com.br\/en\/wp-json\/wp\/v2\/media?parent=1769"}],"curies":[{"name":"wp","href":"https:\/\/api.w.org\/{rel}","templated":true}]}}